{"id":27627,"date":"2025-11-24T16:31:19","date_gmt":"2025-11-24T15:31:19","guid":{"rendered":"https:\/\/stampcurio.com\/product\/nemetorszag-d-reich-mi-12-37-9-db-belyeg-mi-3178-eur\/"},"modified":"2025-12-05T04:01:29","modified_gmt":"2025-12-05T03:01:29","slug":"1872-1875-nemetorszag-ritka-inner-service-belyegek-egy-oreg-albumbol","status":"publish","type":"product","link":"https:\/\/stampcurio.com\/hu\/termek\/1872-1875-nemetorszag-ritka-inner-service-belyegek-egy-oreg-albumbol\/","title":{"rendered":"1872 &#8211; 1875 N\u00e9metorsz\u00e1g &#8211;  ritka &#8220;inner service&#8221;  b\u00e9lyegek egy \u00f6reg albumb\u00f3l"},"content":{"rendered":"","protected":false},"excerpt":{"rendered":"","protected":false},"featured_media":34798,"template":"","meta":[],"product_brand":[],"product_cat":[1175],"product_tag":[1669,116],"class_list":{"0":"post-27627","1":"product","2":"type-product","3":"status-publish","4":"has-post-thumbnail","6":"product_cat-nemetorszag","7":"product_tag-3rd-auction","8":"product_tag-belyeg","10":"first","11":"outofstock","12":"sold-individually","13":"shipping-taxable","14":"purchasable","15":"product-type-simple"},"_links":{"self":[{"href":"https:\/\/stampcurio.com\/hu\/wp-json\/wp\/v2\/product\/27627","targetHints":{"allow":["GET"]}}],"collection":[{"href":"https:\/\/stampcurio.com\/hu\/wp-json\/wp\/v2\/product"}],"about":[{"href":"https:\/\/stampcurio.com\/hu\/wp-json\/wp\/v2\/types\/product"}],"wp:featuredmedia":[{"embeddable":true,"href":"https:\/\/stampcurio.com\/hu\/wp-json\/wp\/v2\/media\/34798"}],"wp:attachment":[{"href":"https:\/\/stampcurio.com\/hu\/wp-json\/wp\/v2\/media?parent=27627"}],"wp:term":[{"taxonomy":"product_brand","embeddable":true,"href":"https:\/\/stampcurio.com\/hu\/wp-json\/wp\/v2\/product_brand?post=27627"},{"taxonomy":"product_cat","embeddable":true,"href":"https:\/\/stampcurio.com\/hu\/wp-json\/wp\/v2\/product_cat?post=27627"},{"taxonomy":"product_tag","embeddable":true,"href":"https:\/\/stampcurio.com\/hu\/wp-json\/wp\/v2\/product_tag?post=27627"}],"curies":[{"name":"wp","href":"https:\/\/api.w.org\/{rel}","templated":true}]}}