{"id":27626,"date":"2025-11-24T16:31:19","date_gmt":"2025-11-24T15:31:19","guid":{"rendered":"https:\/\/stampcurio.com\/product\/onemet-allamok-bayern-mi-2-27-10-db-belyeg-mi-1120-eur\/"},"modified":"2025-12-05T04:01:28","modified_gmt":"2025-12-05T03:01:28","slug":"1850-1867-nemetorszag-bajororszag-tiz-belyeg-egy-oreg-albumbol","status":"publish","type":"product","link":"https:\/\/stampcurio.com\/hu\/termek\/1850-1867-nemetorszag-bajororszag-tiz-belyeg-egy-oreg-albumbol\/","title":{"rendered":"1850 &#8211; 1867 N\u00e9metorsz\u00e1g &#8211; Bajororsz\u00e1g &#8211; t\u00edz b\u00e9lyeg egy \u00f6reg albumb\u00f3l"},"content":{"rendered":"","protected":false},"excerpt":{"rendered":"","protected":false},"featured_media":34793,"template":"","meta":[],"product_brand":[],"product_cat":[1175],"product_tag":[1669,116],"class_list":{"0":"post-27626","1":"product","2":"type-product","3":"status-publish","4":"has-post-thumbnail","6":"product_cat-nemetorszag","7":"product_tag-3rd-auction","8":"product_tag-belyeg","10":"first","11":"outofstock","12":"sold-individually","13":"shipping-taxable","14":"purchasable","15":"product-type-simple"},"_links":{"self":[{"href":"https:\/\/stampcurio.com\/hu\/wp-json\/wp\/v2\/product\/27626","targetHints":{"allow":["GET"]}}],"collection":[{"href":"https:\/\/stampcurio.com\/hu\/wp-json\/wp\/v2\/product"}],"about":[{"href":"https:\/\/stampcurio.com\/hu\/wp-json\/wp\/v2\/types\/product"}],"wp:featuredmedia":[{"embeddable":true,"href":"https:\/\/stampcurio.com\/hu\/wp-json\/wp\/v2\/media\/34793"}],"wp:attachment":[{"href":"https:\/\/stampcurio.com\/hu\/wp-json\/wp\/v2\/media?parent=27626"}],"wp:term":[{"taxonomy":"product_brand","embeddable":true,"href":"https:\/\/stampcurio.com\/hu\/wp-json\/wp\/v2\/product_brand?post=27626"},{"taxonomy":"product_cat","embeddable":true,"href":"https:\/\/stampcurio.com\/hu\/wp-json\/wp\/v2\/product_cat?post=27626"},{"taxonomy":"product_tag","embeddable":true,"href":"https:\/\/stampcurio.com\/hu\/wp-json\/wp\/v2\/product_tag?post=27626"}],"curies":[{"name":"wp","href":"https:\/\/api.w.org\/{rel}","templated":true}]}}