{"id":27625,"date":"2025-11-24T16:31:18","date_gmt":"2025-11-24T15:31:18","guid":{"rendered":"https:\/\/stampcurio.com\/product\/ausztralia-new-south-wales-pecsetelt-vasuti-csomagbelyeg\/"},"modified":"2025-12-05T04:01:29","modified_gmt":"2025-12-05T03:01:29","slug":"1890-ausztralia-new-south-wales-pecsetelt-vasuti-belyeg","status":"publish","type":"product","link":"https:\/\/stampcurio.com\/hu\/termek\/1890-ausztralia-new-south-wales-pecsetelt-vasuti-belyeg\/","title":{"rendered":"1890 Ausztr\u00e1lia &#8211; New South Wales pecs\u00e9telt vas\u00fati b\u00e9lyeg"},"content":{"rendered":"","protected":false},"excerpt":{"rendered":"<p>Jobb als\u00f3 sarokban kis hiba.<\/p>\n","protected":false},"featured_media":35219,"template":"","meta":[],"product_brand":[],"product_cat":[1218],"product_tag":[1669,116],"class_list":{"0":"post-27625","1":"product","2":"type-product","3":"status-publish","4":"has-post-thumbnail","6":"product_cat-ausztralia","7":"product_tag-3rd-auction","8":"product_tag-belyeg","10":"first","11":"outofstock","12":"sold-individually","13":"shipping-taxable","14":"purchasable","15":"product-type-simple"},"_links":{"self":[{"href":"https:\/\/stampcurio.com\/hu\/wp-json\/wp\/v2\/product\/27625","targetHints":{"allow":["GET"]}}],"collection":[{"href":"https:\/\/stampcurio.com\/hu\/wp-json\/wp\/v2\/product"}],"about":[{"href":"https:\/\/stampcurio.com\/hu\/wp-json\/wp\/v2\/types\/product"}],"wp:featuredmedia":[{"embeddable":true,"href":"https:\/\/stampcurio.com\/hu\/wp-json\/wp\/v2\/media\/35219"}],"wp:attachment":[{"href":"https:\/\/stampcurio.com\/hu\/wp-json\/wp\/v2\/media?parent=27625"}],"wp:term":[{"taxonomy":"product_brand","embeddable":true,"href":"https:\/\/stampcurio.com\/hu\/wp-json\/wp\/v2\/product_brand?post=27625"},{"taxonomy":"product_cat","embeddable":true,"href":"https:\/\/stampcurio.com\/hu\/wp-json\/wp\/v2\/product_cat?post=27625"},{"taxonomy":"product_tag","embeddable":true,"href":"https:\/\/stampcurio.com\/hu\/wp-json\/wp\/v2\/product_tag?post=27625"}],"curies":[{"name":"wp","href":"https:\/\/api.w.org\/{rel}","templated":true}]}}