{"id":27624,"date":"2025-11-24T16:31:18","date_gmt":"2025-11-24T15:31:18","guid":{"rendered":"https:\/\/stampcurio.com\/product\/1942-43-nagy-britannia-angliabol-mexikoba-kuldott-3-db-level-az-emigrans-magyar-kormanynak\/"},"modified":"2025-12-05T04:01:29","modified_gmt":"2025-12-05T03:01:29","slug":"1942-43-magyarorszag-emigrans-magyar-levelezes-angliabol-mexikoba-kuldott-harom-level","status":"publish","type":"product","link":"https:\/\/stampcurio.com\/hu\/termek\/1942-43-magyarorszag-emigrans-magyar-levelezes-angliabol-mexikoba-kuldott-harom-level\/","title":{"rendered":"1942-43 Magyarorsz\u00e1g &#8211; emigr\u00e1ns magyar levelez\u00e9s &#8211; Angli\u00e1b\u00f3l Mexik\u00f3ba k\u00fcld\u00f6tt h\u00e1rom lev\u00e9l"},"content":{"rendered":"","protected":false},"excerpt":{"rendered":"","protected":false},"featured_media":33268,"template":"","meta":[],"product_brand":[],"product_cat":[1186,1172,1629],"product_tag":[1669,89],"class_list":{"0":"post-27624","1":"product","2":"type-product","3":"status-publish","4":"has-post-thumbnail","6":"product_cat-brit-birodalom","7":"product_cat-magyarorszag","8":"product_cat-mexiko","9":"product_tag-3rd-auction","10":"product_tag-postatortenet","12":"first","13":"outofstock","14":"sold-individually","15":"shipping-taxable","16":"purchasable","17":"product-type-simple"},"_links":{"self":[{"href":"https:\/\/stampcurio.com\/hu\/wp-json\/wp\/v2\/product\/27624","targetHints":{"allow":["GET"]}}],"collection":[{"href":"https:\/\/stampcurio.com\/hu\/wp-json\/wp\/v2\/product"}],"about":[{"href":"https:\/\/stampcurio.com\/hu\/wp-json\/wp\/v2\/types\/product"}],"wp:featuredmedia":[{"embeddable":true,"href":"https:\/\/stampcurio.com\/hu\/wp-json\/wp\/v2\/media\/33268"}],"wp:attachment":[{"href":"https:\/\/stampcurio.com\/hu\/wp-json\/wp\/v2\/media?parent=27624"}],"wp:term":[{"taxonomy":"product_brand","embeddable":true,"href":"https:\/\/stampcurio.com\/hu\/wp-json\/wp\/v2\/product_brand?post=27624"},{"taxonomy":"product_cat","embeddable":true,"href":"https:\/\/stampcurio.com\/hu\/wp-json\/wp\/v2\/product_cat?post=27624"},{"taxonomy":"product_tag","embeddable":true,"href":"https:\/\/stampcurio.com\/hu\/wp-json\/wp\/v2\/product_tag?post=27624"}],"curies":[{"name":"wp","href":"https:\/\/api.w.org\/{rel}","templated":true}]}}