{"id":27622,"date":"2025-11-24T16:31:17","date_gmt":"2025-11-24T15:31:17","guid":{"rendered":"https:\/\/stampcurio.com\/product\/1868-svajc-magyarorszagra-kuldott-boritek-szep-minosegben\/"},"modified":"2026-01-05T15:03:01","modified_gmt":"2026-01-05T14:03:01","slug":"1868-svajc-magyarorszagra-kuldott-boritek-szep-minosegben","status":"publish","type":"product","link":"https:\/\/stampcurio.com\/hu\/termek\/1868-svajc-magyarorszagra-kuldott-boritek-szep-minosegben\/","title":{"rendered":"1868 Sv\u00e1jc &#8211; Magyarorsz\u00e1gra k\u00fcld\u00f6tt bor\u00edt\u00e9k sz\u00e9p min\u0151s\u00e9gben"},"content":{"rendered":"","protected":false},"excerpt":{"rendered":"","protected":false},"featured_media":33229,"template":"","meta":[],"product_brand":[],"product_cat":[1172,1191],"product_tag":[1669,116,89,1006],"class_list":{"0":"post-27622","1":"product","2":"type-product","3":"status-publish","4":"has-post-thumbnail","6":"product_cat-magyarorszag","7":"product_cat-svajc","8":"product_tag-3rd-auction","9":"product_tag-belyeg","10":"product_tag-postatortenet","11":"product_tag-unsold","13":"first","14":"instock","15":"sold-individually","16":"shipping-taxable","17":"purchasable","18":"product-type-simple"},"_links":{"self":[{"href":"https:\/\/stampcurio.com\/hu\/wp-json\/wp\/v2\/product\/27622","targetHints":{"allow":["GET"]}}],"collection":[{"href":"https:\/\/stampcurio.com\/hu\/wp-json\/wp\/v2\/product"}],"about":[{"href":"https:\/\/stampcurio.com\/hu\/wp-json\/wp\/v2\/types\/product"}],"wp:featuredmedia":[{"embeddable":true,"href":"https:\/\/stampcurio.com\/hu\/wp-json\/wp\/v2\/media\/33229"}],"wp:attachment":[{"href":"https:\/\/stampcurio.com\/hu\/wp-json\/wp\/v2\/media?parent=27622"}],"wp:term":[{"taxonomy":"product_brand","embeddable":true,"href":"https:\/\/stampcurio.com\/hu\/wp-json\/wp\/v2\/product_brand?post=27622"},{"taxonomy":"product_cat","embeddable":true,"href":"https:\/\/stampcurio.com\/hu\/wp-json\/wp\/v2\/product_cat?post=27622"},{"taxonomy":"product_tag","embeddable":true,"href":"https:\/\/stampcurio.com\/hu\/wp-json\/wp\/v2\/product_tag?post=27622"}],"curies":[{"name":"wp","href":"https:\/\/api.w.org\/{rel}","templated":true}]}}