{"id":27621,"date":"2025-11-24T16:31:17","date_gmt":"2025-11-24T15:31:17","guid":{"rendered":"https:\/\/stampcurio.com\/product\/1940-magyarorszag-karpatalja-ajanlott-level-magyar-ruten-ragjeggyel\/"},"modified":"2025-12-05T04:01:30","modified_gmt":"2025-12-05T03:01:30","slug":"1940-magyarorszag-karpatalja-ajanlott-level-beregkovesd-magyar-ruten-belyegzessel-es-ragjeggyel","status":"publish","type":"product","link":"https:\/\/stampcurio.com\/hu\/termek\/1940-magyarorszag-karpatalja-ajanlott-level-beregkovesd-magyar-ruten-belyegzessel-es-ragjeggyel\/","title":{"rendered":"1940 Magyarorsz\u00e1g &#8211; K\u00e1rp\u00e1talja &#8211; aj\u00e1nlott lev\u00e9l Beregk\u00f6vesd magyar-rut\u00e9n b\u00e9lyegz\u00e9ssel \u00e9s ragjeggyel"},"content":{"rendered":"","protected":false},"excerpt":{"rendered":"","protected":false},"featured_media":33221,"template":"","meta":[],"product_brand":[],"product_cat":[1172,1226],"product_tag":[1669,1041,89,405],"class_list":{"0":"post-27621","1":"product","2":"type-product","3":"status-publish","4":"has-post-thumbnail","6":"product_cat-magyarorszag","7":"product_cat-ukrajna","8":"product_tag-3rd-auction","9":"product_tag-marcophily-hu","10":"product_tag-postatortenet","11":"product_tag-ragjegy","13":"first","14":"outofstock","15":"sold-individually","16":"shipping-taxable","17":"purchasable","18":"product-type-simple"},"_links":{"self":[{"href":"https:\/\/stampcurio.com\/hu\/wp-json\/wp\/v2\/product\/27621","targetHints":{"allow":["GET"]}}],"collection":[{"href":"https:\/\/stampcurio.com\/hu\/wp-json\/wp\/v2\/product"}],"about":[{"href":"https:\/\/stampcurio.com\/hu\/wp-json\/wp\/v2\/types\/product"}],"wp:featuredmedia":[{"embeddable":true,"href":"https:\/\/stampcurio.com\/hu\/wp-json\/wp\/v2\/media\/33221"}],"wp:attachment":[{"href":"https:\/\/stampcurio.com\/hu\/wp-json\/wp\/v2\/media?parent=27621"}],"wp:term":[{"taxonomy":"product_brand","embeddable":true,"href":"https:\/\/stampcurio.com\/hu\/wp-json\/wp\/v2\/product_brand?post=27621"},{"taxonomy":"product_cat","embeddable":true,"href":"https:\/\/stampcurio.com\/hu\/wp-json\/wp\/v2\/product_cat?post=27621"},{"taxonomy":"product_tag","embeddable":true,"href":"https:\/\/stampcurio.com\/hu\/wp-json\/wp\/v2\/product_tag?post=27621"}],"curies":[{"name":"wp","href":"https:\/\/api.w.org\/{rel}","templated":true}]}}