{"id":27620,"date":"2025-11-24T16:31:16","date_gmt":"2025-11-24T15:31:16","guid":{"rendered":"https:\/\/stampcurio.com\/product\/1867-belgium-a-frissen-megalakult-magyar-fuggetlen-posta-igazgatashoz-erkezett-level-talan-a-legkorabbi\/"},"modified":"2025-12-09T11:55:35","modified_gmt":"2025-12-09T10:55:35","slug":"1867-belgium-a-frissen-megalakult-magyar-fuggetlen-posta-igazgatashoz-erkezett-level-talan-a-legkorabbi-fennmaradt-magyarorszagra-jovo-belga-level","status":"publish","type":"product","link":"https:\/\/stampcurio.com\/hu\/termek\/1867-belgium-a-frissen-megalakult-magyar-fuggetlen-posta-igazgatashoz-erkezett-level-talan-a-legkorabbi-fennmaradt-magyarorszagra-jovo-belga-level\/","title":{"rendered":"1867 Belgium &#8211; A frissen megalakult magyar f\u00fcggetlen posta igazgat\u00e1shoz \u00e9rkezett lev\u00e9l, tal\u00e1n a legkor\u00e1bbi fennmaradt Magyarorsz\u00e1gra j\u00f6v\u0151 belga lev\u00e9l"},"content":{"rendered":"","protected":false},"excerpt":{"rendered":"<p>A magyar posta 1867. m\u00e1jus 1-j\u00e9n v\u00e1lt f\u00fcggetlenn\u00e9.<\/p>\n","protected":false},"featured_media":32257,"template":"","meta":[],"product_brand":[],"product_cat":[1257,1172],"product_tag":[1669,89],"class_list":{"0":"post-27620","1":"product","2":"type-product","3":"status-publish","4":"has-post-thumbnail","6":"product_cat-belgium","7":"product_cat-magyarorszag","8":"product_tag-3rd-auction","9":"product_tag-postatortenet","11":"first","12":"outofstock","13":"sold-individually","14":"shipping-taxable","15":"purchasable","16":"product-type-simple"},"_links":{"self":[{"href":"https:\/\/stampcurio.com\/hu\/wp-json\/wp\/v2\/product\/27620","targetHints":{"allow":["GET"]}}],"collection":[{"href":"https:\/\/stampcurio.com\/hu\/wp-json\/wp\/v2\/product"}],"about":[{"href":"https:\/\/stampcurio.com\/hu\/wp-json\/wp\/v2\/types\/product"}],"wp:featuredmedia":[{"embeddable":true,"href":"https:\/\/stampcurio.com\/hu\/wp-json\/wp\/v2\/media\/32257"}],"wp:attachment":[{"href":"https:\/\/stampcurio.com\/hu\/wp-json\/wp\/v2\/media?parent=27620"}],"wp:term":[{"taxonomy":"product_brand","embeddable":true,"href":"https:\/\/stampcurio.com\/hu\/wp-json\/wp\/v2\/product_brand?post=27620"},{"taxonomy":"product_cat","embeddable":true,"href":"https:\/\/stampcurio.com\/hu\/wp-json\/wp\/v2\/product_cat?post=27620"},{"taxonomy":"product_tag","embeddable":true,"href":"https:\/\/stampcurio.com\/hu\/wp-json\/wp\/v2\/product_tag?post=27620"}],"curies":[{"name":"wp","href":"https:\/\/api.w.org\/{rel}","templated":true}]}}