{"id":2762,"date":"2023-11-14T10:23:53","date_gmt":"2023-11-14T09:23:53","guid":{"rendered":"http:\/\/stampcurio.com\/?post_type=product&#038;p=2762"},"modified":"2025-12-05T04:13:26","modified_gmt":"2025-12-05T03:13:26","slug":"1925-sport-sor-djjegyes-boritekon-m-o-t-e-sz-alkalmi-belyegzessel","status":"publish","type":"product","link":"https:\/\/stampcurio.com\/hu\/termek\/1925-sport-sor-djjegyes-boritekon-m-o-t-e-sz-alkalmi-belyegzessel\/","title":{"rendered":"1925 SPORT sor djjegyes bor\u00edt\u00e9kon M.O.T.E.SZ. alkalmi b\u00e9lyegz\u00e9ssel"},"content":{"rendered":"","protected":false},"excerpt":{"rendered":"","protected":false},"featured_media":11038,"template":"","meta":[],"product_brand":[],"product_cat":[73],"product_tag":[1044,74,1008,67,264],"class_list":{"0":"post-2762","1":"product","2":"type-product","3":"status-publish","4":"has-post-thumbnail","6":"product_cat-magyarorszag-1st","7":"product_tag-1st-auction-hu","8":"product_tag-dijjegyes","9":"product_tag-ebay","10":"product_tag-marcofilatelia","11":"product_tag-sport","12":"pa_catalog_id-275","13":"pa_costawert-271","15":"first","16":"instock","17":"sold-individually","18":"shipping-taxable","19":"product-type-simple"},"_links":{"self":[{"href":"https:\/\/stampcurio.com\/hu\/wp-json\/wp\/v2\/product\/2762","targetHints":{"allow":["GET"]}}],"collection":[{"href":"https:\/\/stampcurio.com\/hu\/wp-json\/wp\/v2\/product"}],"about":[{"href":"https:\/\/stampcurio.com\/hu\/wp-json\/wp\/v2\/types\/product"}],"wp:featuredmedia":[{"embeddable":true,"href":"https:\/\/stampcurio.com\/hu\/wp-json\/wp\/v2\/media\/11038"}],"wp:attachment":[{"href":"https:\/\/stampcurio.com\/hu\/wp-json\/wp\/v2\/media?parent=2762"}],"wp:term":[{"taxonomy":"product_brand","embeddable":true,"href":"https:\/\/stampcurio.com\/hu\/wp-json\/wp\/v2\/product_brand?post=2762"},{"taxonomy":"product_cat","embeddable":true,"href":"https:\/\/stampcurio.com\/hu\/wp-json\/wp\/v2\/product_cat?post=2762"},{"taxonomy":"product_tag","embeddable":true,"href":"https:\/\/stampcurio.com\/hu\/wp-json\/wp\/v2\/product_tag?post=2762"}],"curies":[{"name":"wp","href":"https:\/\/api.w.org\/{rel}","templated":true}]}}