{"id":27619,"date":"2025-11-24T16:31:16","date_gmt":"2025-11-24T15:31:16","guid":{"rendered":"https:\/\/stampcurio.com\/product\/1915-svajc-budapestre-kuldott-ajanlott-boritek-rampacher-pal-dekorativ-dijlerovassal-levelzaroval-es-innsbrucki-cenzuraval\/"},"modified":"2026-01-07T12:50:33","modified_gmt":"2026-01-07T11:50:33","slug":"1915-svajc-budapestre-kuldott-ajanlott-boritek-rampacher-pal-belyegkereskedonek-dekorativ-dijlerovassal-levelzaroval-es-innsbrucki-cenzuraval","status":"publish","type":"product","link":"https:\/\/stampcurio.com\/hu\/termek\/1915-svajc-budapestre-kuldott-ajanlott-boritek-rampacher-pal-belyegkereskedonek-dekorativ-dijlerovassal-levelzaroval-es-innsbrucki-cenzuraval\/","title":{"rendered":"1915 Sv\u00e1jc &#8211; Budapestre k\u00fcld\u00f6tt aj\u00e1nlott bor\u00edt\u00e9k (Rampacher P\u00e1l b\u00e9lyegkeresked\u0151nek) dekorat\u00edv d\u00edjlerov\u00e1ssal, lev\u00e9lz\u00e1r\u00f3val \u00e9s innsbrucki cenz\u00far\u00e1val"},"content":{"rendered":"","protected":false},"excerpt":{"rendered":"","protected":false},"featured_media":32810,"template":"","meta":[],"product_brand":[],"product_cat":[1178,1172,1191],"product_tag":[1669,1340,194,89],"class_list":{"0":"post-27619","1":"product","2":"type-product","3":"status-publish","4":"has-post-thumbnail","6":"product_cat-ausztria","7":"product_cat-magyarorszag","8":"product_cat-svajc","9":"product_tag-3rd-auction","10":"product_tag-belyegkereskedo","11":"product_tag-levelzaro","12":"product_tag-postatortenet","14":"first","15":"outofstock","16":"sold-individually","17":"shipping-taxable","18":"purchasable","19":"product-type-simple"},"_links":{"self":[{"href":"https:\/\/stampcurio.com\/hu\/wp-json\/wp\/v2\/product\/27619","targetHints":{"allow":["GET"]}}],"collection":[{"href":"https:\/\/stampcurio.com\/hu\/wp-json\/wp\/v2\/product"}],"about":[{"href":"https:\/\/stampcurio.com\/hu\/wp-json\/wp\/v2\/types\/product"}],"wp:featuredmedia":[{"embeddable":true,"href":"https:\/\/stampcurio.com\/hu\/wp-json\/wp\/v2\/media\/32810"}],"wp:attachment":[{"href":"https:\/\/stampcurio.com\/hu\/wp-json\/wp\/v2\/media?parent=27619"}],"wp:term":[{"taxonomy":"product_brand","embeddable":true,"href":"https:\/\/stampcurio.com\/hu\/wp-json\/wp\/v2\/product_brand?post=27619"},{"taxonomy":"product_cat","embeddable":true,"href":"https:\/\/stampcurio.com\/hu\/wp-json\/wp\/v2\/product_cat?post=27619"},{"taxonomy":"product_tag","embeddable":true,"href":"https:\/\/stampcurio.com\/hu\/wp-json\/wp\/v2\/product_tag?post=27619"}],"curies":[{"name":"wp","href":"https:\/\/api.w.org\/{rel}","templated":true}]}}