{"id":27617,"date":"2025-11-24T16:31:15","date_gmt":"2025-11-24T15:31:15","guid":{"rendered":"https:\/\/stampcurio.com\/product\/1944-magyarorszag-bevaltott-takareklap-telen-tanulunk-reklamnyomassal-a-hatoldalan\/"},"modified":"2025-12-05T04:01:32","modified_gmt":"2025-12-05T03:01:32","slug":"1944-magyarorszag-bevaltott-postai-takareklap-telen-tanulunk-reklamnyomassal-a-hatoldalan","status":"publish","type":"product","link":"https:\/\/stampcurio.com\/hu\/termek\/1944-magyarorszag-bevaltott-postai-takareklap-telen-tanulunk-reklamnyomassal-a-hatoldalan\/","title":{"rendered":"1944 Magyarorsz\u00e1g &#8211; Bev\u00e1ltott postai takar\u00e9klap \u201eT\u00e9len tanulunk\u2026\u201d rekl\u00e1mnyom\u00e1ssal a h\u00e1toldal\u00e1n"},"content":{"rendered":"","protected":false},"excerpt":{"rendered":"","protected":false},"featured_media":33209,"template":"","meta":[],"product_brand":[],"product_cat":[1172],"product_tag":[1669,74,89,75],"class_list":{"0":"post-27617","1":"product","2":"type-product","3":"status-publish","4":"has-post-thumbnail","6":"product_cat-magyarorszag","7":"product_tag-3rd-auction","8":"product_tag-dijjegyes","9":"product_tag-postatortenet","10":"product_tag-reklam","12":"first","13":"outofstock","14":"sold-individually","15":"shipping-taxable","16":"purchasable","17":"product-type-simple"},"_links":{"self":[{"href":"https:\/\/stampcurio.com\/hu\/wp-json\/wp\/v2\/product\/27617","targetHints":{"allow":["GET"]}}],"collection":[{"href":"https:\/\/stampcurio.com\/hu\/wp-json\/wp\/v2\/product"}],"about":[{"href":"https:\/\/stampcurio.com\/hu\/wp-json\/wp\/v2\/types\/product"}],"wp:featuredmedia":[{"embeddable":true,"href":"https:\/\/stampcurio.com\/hu\/wp-json\/wp\/v2\/media\/33209"}],"wp:attachment":[{"href":"https:\/\/stampcurio.com\/hu\/wp-json\/wp\/v2\/media?parent=27617"}],"wp:term":[{"taxonomy":"product_brand","embeddable":true,"href":"https:\/\/stampcurio.com\/hu\/wp-json\/wp\/v2\/product_brand?post=27617"},{"taxonomy":"product_cat","embeddable":true,"href":"https:\/\/stampcurio.com\/hu\/wp-json\/wp\/v2\/product_cat?post=27617"},{"taxonomy":"product_tag","embeddable":true,"href":"https:\/\/stampcurio.com\/hu\/wp-json\/wp\/v2\/product_tag?post=27617"}],"curies":[{"name":"wp","href":"https:\/\/api.w.org\/{rel}","templated":true}]}}