{"id":27616,"date":"2025-11-24T16:31:15","date_gmt":"2025-11-24T15:31:15","guid":{"rendered":"https:\/\/stampcurio.com\/product\/1927-magyarorszag-jugoszlaviaba-kuldott-csomag-3x20-kg-csomagrol-a-vamkezelesi-dij-jugoszlav-portobelyegekkel-lerova\/"},"modified":"2026-01-05T15:04:38","modified_gmt":"2026-01-05T14:04:38","slug":"1927-magyarorszag-jugoszlaviaba-kuldott-szallitolevel-3x20-kg-csomagrol-egy-szallitolevellel-kuldheto-maximalsi-suly-a-vamkezelesi-dij-jugoszlav-portobelyegekkel-lerova","status":"publish","type":"product","link":"https:\/\/stampcurio.com\/hu\/termek\/1927-magyarorszag-jugoszlaviaba-kuldott-szallitolevel-3x20-kg-csomagrol-egy-szallitolevellel-kuldheto-maximalsi-suly-a-vamkezelesi-dij-jugoszlav-portobelyegekkel-lerova\/","title":{"rendered":"1927 Magyarorsz\u00e1g &#8211; Jugoszl\u00e1vi\u00e1ba k\u00fcld\u00f6tt sz\u00e1ll\u00edt\u00f3lev\u00e9l 3&#215;20 kg csomagr\u00f3l (egy sz\u00e1ll\u00edt\u00f3lev\u00e9llel k\u00fcldhet\u0151 maxim\u00e1lsi s\u00faly) \u2013 a v\u00e1mkezel\u00e9si d\u00edj jugoszl\u00e1v port\u00f3b\u00e9lyegekkel ler\u00f3va"},"content":{"rendered":"","protected":false},"excerpt":{"rendered":"","protected":false},"featured_media":32808,"template":"","meta":[],"product_brand":[],"product_cat":[1694,1172],"product_tag":[1669,116,89,157,1006],"class_list":{"0":"post-27616","1":"product","2":"type-product","3":"status-publish","4":"has-post-thumbnail","6":"product_cat-jugoszlavia","7":"product_cat-magyarorszag","8":"product_tag-3rd-auction","9":"product_tag-belyeg","10":"product_tag-postatortenet","11":"product_tag-szallitolevel","12":"product_tag-unsold","14":"first","15":"instock","16":"sold-individually","17":"shipping-taxable","18":"purchasable","19":"product-type-simple"},"_links":{"self":[{"href":"https:\/\/stampcurio.com\/hu\/wp-json\/wp\/v2\/product\/27616","targetHints":{"allow":["GET"]}}],"collection":[{"href":"https:\/\/stampcurio.com\/hu\/wp-json\/wp\/v2\/product"}],"about":[{"href":"https:\/\/stampcurio.com\/hu\/wp-json\/wp\/v2\/types\/product"}],"wp:featuredmedia":[{"embeddable":true,"href":"https:\/\/stampcurio.com\/hu\/wp-json\/wp\/v2\/media\/32808"}],"wp:attachment":[{"href":"https:\/\/stampcurio.com\/hu\/wp-json\/wp\/v2\/media?parent=27616"}],"wp:term":[{"taxonomy":"product_brand","embeddable":true,"href":"https:\/\/stampcurio.com\/hu\/wp-json\/wp\/v2\/product_brand?post=27616"},{"taxonomy":"product_cat","embeddable":true,"href":"https:\/\/stampcurio.com\/hu\/wp-json\/wp\/v2\/product_cat?post=27616"},{"taxonomy":"product_tag","embeddable":true,"href":"https:\/\/stampcurio.com\/hu\/wp-json\/wp\/v2\/product_tag?post=27616"}],"curies":[{"name":"wp","href":"https:\/\/api.w.org\/{rel}","templated":true}]}}