{"id":27615,"date":"2025-11-24T16:31:15","date_gmt":"2025-11-24T15:31:15","guid":{"rendered":"https:\/\/stampcurio.com\/product\/1942-magyarorszag-dekorativ-expressz-legiposta-level-svedorszagba-expressz-legilevel-ritkabb-kuldemenyfajta\/"},"modified":"2026-01-05T15:04:38","modified_gmt":"2026-01-05T14:04:38","slug":"1942-magyarorszag-dekorativ-expressz-legiposta-level-svedorszagba-cenzurazva","status":"publish","type":"product","link":"https:\/\/stampcurio.com\/hu\/termek\/1942-magyarorszag-dekorativ-expressz-legiposta-level-svedorszagba-cenzurazva\/","title":{"rendered":"1942 Magyarorsz\u00e1g &#8211; Dekorat\u00edv expressz l\u00e9giposta lev\u00e9l Sv\u00e9dorsz\u00e1gba cenz\u00far\u00e1zva"},"content":{"rendered":"","protected":false},"excerpt":{"rendered":"<p>Az expressz l\u00e9giposta aj\u00e1nl\u00e1s n\u00e9lk\u00fcl egy ritk\u00e1bb k\u00fcldem\u00e9nyfajta.<\/p>\n","protected":false},"featured_media":33202,"template":"","meta":[],"product_brand":[],"product_cat":[1172],"product_tag":[1669,233,115,89,1006],"class_list":{"0":"post-27615","1":"product","2":"type-product","3":"status-publish","4":"has-post-thumbnail","6":"product_cat-magyarorszag","7":"product_tag-3rd-auction","8":"product_tag-cenzura","9":"product_tag-legiposta","10":"product_tag-postatortenet","11":"product_tag-unsold","13":"first","14":"instock","15":"sold-individually","16":"shipping-taxable","17":"purchasable","18":"product-type-simple"},"_links":{"self":[{"href":"https:\/\/stampcurio.com\/hu\/wp-json\/wp\/v2\/product\/27615","targetHints":{"allow":["GET"]}}],"collection":[{"href":"https:\/\/stampcurio.com\/hu\/wp-json\/wp\/v2\/product"}],"about":[{"href":"https:\/\/stampcurio.com\/hu\/wp-json\/wp\/v2\/types\/product"}],"wp:featuredmedia":[{"embeddable":true,"href":"https:\/\/stampcurio.com\/hu\/wp-json\/wp\/v2\/media\/33202"}],"wp:attachment":[{"href":"https:\/\/stampcurio.com\/hu\/wp-json\/wp\/v2\/media?parent=27615"}],"wp:term":[{"taxonomy":"product_brand","embeddable":true,"href":"https:\/\/stampcurio.com\/hu\/wp-json\/wp\/v2\/product_brand?post=27615"},{"taxonomy":"product_cat","embeddable":true,"href":"https:\/\/stampcurio.com\/hu\/wp-json\/wp\/v2\/product_cat?post=27615"},{"taxonomy":"product_tag","embeddable":true,"href":"https:\/\/stampcurio.com\/hu\/wp-json\/wp\/v2\/product_tag?post=27615"}],"curies":[{"name":"wp","href":"https:\/\/api.w.org\/{rel}","templated":true}]}}