{"id":27614,"date":"2025-11-24T16:31:15","date_gmt":"2025-11-24T15:31:15","guid":{"rendered":"https:\/\/stampcurio.com\/product\/1981-86-svajc-ket-erdekesebb-szallitolevel-svajcbol-egyik-magyarorszagra-a-masik-tobbszoros-gepi-belyegzessel-meterstamp\/"},"modified":"2026-01-05T15:04:38","modified_gmt":"2026-01-05T14:04:38","slug":"1981-86-svajc-ket-erdekesebb-szallitolevel-svajcbol-egyik-magyarorszagra-kuldve-a-masik-tobbszoros-gepi-belyegzesu-meterstamp","status":"publish","type":"product","link":"https:\/\/stampcurio.com\/hu\/termek\/1981-86-svajc-ket-erdekesebb-szallitolevel-svajcbol-egyik-magyarorszagra-kuldve-a-masik-tobbszoros-gepi-belyegzesu-meterstamp\/","title":{"rendered":"1981-86 Sv\u00e1jc &#8211; K\u00e9t \u00e9rdekesebb sz\u00e1ll\u00edt\u00f3lev\u00e9l Sv\u00e1jcb\u00f3l, egyik Magyarorsz\u00e1gra k\u00fcldve, a m\u00e1sik t\u00f6bbsz\u00f6r\u00f6s g\u00e9pi b\u00e9lyegz\u00e9s\u0171 (meterstamp)"},"content":{"rendered":"","protected":false},"excerpt":{"rendered":"","protected":false},"featured_media":33178,"template":"","meta":[],"product_brand":[],"product_cat":[1191],"product_tag":[1669,1383,89,157,1006],"class_list":{"0":"post-27614","1":"product","2":"type-product","3":"status-publish","4":"has-post-thumbnail","6":"product_cat-svajc","7":"product_tag-3rd-auction","8":"product_tag-gepi-bermentesites","9":"product_tag-postatortenet","10":"product_tag-szallitolevel","11":"product_tag-unsold","13":"first","14":"instock","15":"sold-individually","16":"shipping-taxable","17":"purchasable","18":"product-type-simple"},"_links":{"self":[{"href":"https:\/\/stampcurio.com\/hu\/wp-json\/wp\/v2\/product\/27614","targetHints":{"allow":["GET"]}}],"collection":[{"href":"https:\/\/stampcurio.com\/hu\/wp-json\/wp\/v2\/product"}],"about":[{"href":"https:\/\/stampcurio.com\/hu\/wp-json\/wp\/v2\/types\/product"}],"wp:featuredmedia":[{"embeddable":true,"href":"https:\/\/stampcurio.com\/hu\/wp-json\/wp\/v2\/media\/33178"}],"wp:attachment":[{"href":"https:\/\/stampcurio.com\/hu\/wp-json\/wp\/v2\/media?parent=27614"}],"wp:term":[{"taxonomy":"product_brand","embeddable":true,"href":"https:\/\/stampcurio.com\/hu\/wp-json\/wp\/v2\/product_brand?post=27614"},{"taxonomy":"product_cat","embeddable":true,"href":"https:\/\/stampcurio.com\/hu\/wp-json\/wp\/v2\/product_cat?post=27614"},{"taxonomy":"product_tag","embeddable":true,"href":"https:\/\/stampcurio.com\/hu\/wp-json\/wp\/v2\/product_tag?post=27614"}],"curies":[{"name":"wp","href":"https:\/\/api.w.org\/{rel}","templated":true}]}}