{"id":27613,"date":"2025-11-24T16:31:14","date_gmt":"2025-11-24T15:31:14","guid":{"rendered":"https:\/\/stampcurio.com\/product\/norvegia-14-db-belyeg-mi-1-30-mi-861-eur\/"},"modified":"2025-12-05T04:01:33","modified_gmt":"2025-12-05T03:01:33","slug":"1855-1882-norvegia-korai-belyegek-egy-regi-magyar-gyujtemenybol","status":"publish","type":"product","link":"https:\/\/stampcurio.com\/hu\/termek\/1855-1882-norvegia-korai-belyegek-egy-regi-magyar-gyujtemenybol\/","title":{"rendered":"1855 &#8211; 1882 Norv\u00e9gia &#8211; korai b\u00e9lyegek egy r\u00e9gi magyar gy\u0171jtem\u00e9nyb\u0151l"},"content":{"rendered":"","protected":false},"excerpt":{"rendered":"<p>Az Mi 2. (2 Sk.) b\u00e9lyeg s\u00e9r\u00fclt.<\/p>\n","protected":false},"featured_media":34704,"template":"","meta":[],"product_brand":[],"product_cat":[1240],"product_tag":[1669,116],"class_list":{"0":"post-27613","1":"product","2":"type-product","3":"status-publish","4":"has-post-thumbnail","6":"product_cat-norvegia","7":"product_tag-3rd-auction","8":"product_tag-belyeg","10":"first","11":"outofstock","12":"sold-individually","13":"shipping-taxable","14":"purchasable","15":"product-type-simple"},"_links":{"self":[{"href":"https:\/\/stampcurio.com\/hu\/wp-json\/wp\/v2\/product\/27613","targetHints":{"allow":["GET"]}}],"collection":[{"href":"https:\/\/stampcurio.com\/hu\/wp-json\/wp\/v2\/product"}],"about":[{"href":"https:\/\/stampcurio.com\/hu\/wp-json\/wp\/v2\/types\/product"}],"wp:featuredmedia":[{"embeddable":true,"href":"https:\/\/stampcurio.com\/hu\/wp-json\/wp\/v2\/media\/34704"}],"wp:attachment":[{"href":"https:\/\/stampcurio.com\/hu\/wp-json\/wp\/v2\/media?parent=27613"}],"wp:term":[{"taxonomy":"product_brand","embeddable":true,"href":"https:\/\/stampcurio.com\/hu\/wp-json\/wp\/v2\/product_brand?post=27613"},{"taxonomy":"product_cat","embeddable":true,"href":"https:\/\/stampcurio.com\/hu\/wp-json\/wp\/v2\/product_cat?post=27613"},{"taxonomy":"product_tag","embeddable":true,"href":"https:\/\/stampcurio.com\/hu\/wp-json\/wp\/v2\/product_tag?post=27613"}],"curies":[{"name":"wp","href":"https:\/\/api.w.org\/{rel}","templated":true}]}}