{"id":27612,"date":"2025-11-24T16:31:14","date_gmt":"2025-11-24T15:31:14","guid":{"rendered":"https:\/\/stampcurio.com\/product\/franciaorszag-franciaorszag-francia-gyarmatok-tetel-egy-magyar-gyujtemenybol\/"},"modified":"2025-12-05T04:01:33","modified_gmt":"2025-12-05T03:01:33","slug":"1885-franciaorszag-francia-gyarmati-belyegek-egy-oreg-magyar-gyujtemenybol","status":"publish","type":"product","link":"https:\/\/stampcurio.com\/hu\/termek\/1885-franciaorszag-francia-gyarmati-belyegek-egy-oreg-magyar-gyujtemenybol\/","title":{"rendered":"1885+ Franciaorsz\u00e1g &#8211; francia gyarmati b\u00e9lyegek, egy \u00f6reg magyar gy\u0171jtem\u00e9nyb\u0151l"},"content":{"rendered":"","protected":false},"excerpt":{"rendered":"","protected":false},"featured_media":35073,"template":"","meta":[],"product_brand":[],"product_cat":[1289,1187,1181,1285,1747,1746],"product_tag":[1669,116,1041,217],"class_list":{"0":"post-27612","1":"product","2":"type-product","3":"status-publish","4":"has-post-thumbnail","6":"product_cat-dzsibuti","7":"product_cat-egyiptom","8":"product_cat-franciaorszag","9":"product_cat-madagaszkar","10":"product_cat-mayotte","11":"product_cat-zanzibar","12":"product_tag-3rd-auction","13":"product_tag-belyeg","14":"product_tag-marcophily-hu","15":"product_tag-tevnyomat","17":"first","18":"outofstock","19":"sold-individually","20":"shipping-taxable","21":"purchasable","22":"product-type-simple"},"_links":{"self":[{"href":"https:\/\/stampcurio.com\/hu\/wp-json\/wp\/v2\/product\/27612","targetHints":{"allow":["GET"]}}],"collection":[{"href":"https:\/\/stampcurio.com\/hu\/wp-json\/wp\/v2\/product"}],"about":[{"href":"https:\/\/stampcurio.com\/hu\/wp-json\/wp\/v2\/types\/product"}],"wp:featuredmedia":[{"embeddable":true,"href":"https:\/\/stampcurio.com\/hu\/wp-json\/wp\/v2\/media\/35073"}],"wp:attachment":[{"href":"https:\/\/stampcurio.com\/hu\/wp-json\/wp\/v2\/media?parent=27612"}],"wp:term":[{"taxonomy":"product_brand","embeddable":true,"href":"https:\/\/stampcurio.com\/hu\/wp-json\/wp\/v2\/product_brand?post=27612"},{"taxonomy":"product_cat","embeddable":true,"href":"https:\/\/stampcurio.com\/hu\/wp-json\/wp\/v2\/product_cat?post=27612"},{"taxonomy":"product_tag","embeddable":true,"href":"https:\/\/stampcurio.com\/hu\/wp-json\/wp\/v2\/product_tag?post=27612"}],"curies":[{"name":"wp","href":"https:\/\/api.w.org\/{rel}","templated":true}]}}