{"id":27611,"date":"2025-11-24T16:31:13","date_gmt":"2025-11-24T15:31:13","guid":{"rendered":"https:\/\/stampcurio.com\/product\/1874-svajc-ket-feladoveveny-magyarorszagra-kuldott-ajanlott-levelekrol-ritkabb-destinacio\/"},"modified":"2026-01-05T15:04:39","modified_gmt":"2026-01-05T14:04:39","slug":"1874-svajc-ket-feladoveveny-magyarorszagra-kuldott-ajanlott-levelekrol-ritkabb-destinacio","status":"publish","type":"product","link":"https:\/\/stampcurio.com\/hu\/termek\/1874-svajc-ket-feladoveveny-magyarorszagra-kuldott-ajanlott-levelekrol-ritkabb-destinacio\/","title":{"rendered":"1874 Sv\u00e1jc &#8211; K\u00e9t felad\u00f3vev\u00e9ny Magyarorsz\u00e1gra k\u00fcld\u00f6tt aj\u00e1nlott levelekr\u0151l \u2013 ritk\u00e1bb destin\u00e1ci\u00f3"},"content":{"rendered":"","protected":false},"excerpt":{"rendered":"","protected":false},"featured_media":32927,"template":"","meta":[],"product_brand":[],"product_cat":[1172,1191],"product_tag":[1669,89,1006],"class_list":{"0":"post-27611","1":"product","2":"type-product","3":"status-publish","4":"has-post-thumbnail","6":"product_cat-magyarorszag","7":"product_cat-svajc","8":"product_tag-3rd-auction","9":"product_tag-postatortenet","10":"product_tag-unsold","12":"first","13":"instock","14":"sold-individually","15":"shipping-taxable","16":"purchasable","17":"product-type-simple"},"_links":{"self":[{"href":"https:\/\/stampcurio.com\/hu\/wp-json\/wp\/v2\/product\/27611","targetHints":{"allow":["GET"]}}],"collection":[{"href":"https:\/\/stampcurio.com\/hu\/wp-json\/wp\/v2\/product"}],"about":[{"href":"https:\/\/stampcurio.com\/hu\/wp-json\/wp\/v2\/types\/product"}],"wp:featuredmedia":[{"embeddable":true,"href":"https:\/\/stampcurio.com\/hu\/wp-json\/wp\/v2\/media\/32927"}],"wp:attachment":[{"href":"https:\/\/stampcurio.com\/hu\/wp-json\/wp\/v2\/media?parent=27611"}],"wp:term":[{"taxonomy":"product_brand","embeddable":true,"href":"https:\/\/stampcurio.com\/hu\/wp-json\/wp\/v2\/product_brand?post=27611"},{"taxonomy":"product_cat","embeddable":true,"href":"https:\/\/stampcurio.com\/hu\/wp-json\/wp\/v2\/product_cat?post=27611"},{"taxonomy":"product_tag","embeddable":true,"href":"https:\/\/stampcurio.com\/hu\/wp-json\/wp\/v2\/product_tag?post=27611"}],"curies":[{"name":"wp","href":"https:\/\/api.w.org\/{rel}","templated":true}]}}