{"id":27609,"date":"2025-11-24T16:31:13","date_gmt":"2025-11-24T15:31:13","guid":{"rendered":"https:\/\/stampcurio.com\/product\/1870-1900-bosznia-kezi-ervenytelenitessel\/"},"modified":"2026-01-05T15:04:38","modified_gmt":"2026-01-05T14:04:38","slug":"1870-1900-bosznia-hercegovina-tizenket-belyeg-szep-kezi-ervenytelenitesekkel","status":"publish","type":"product","link":"https:\/\/stampcurio.com\/hu\/termek\/1870-1900-bosznia-hercegovina-tizenket-belyeg-szep-kezi-ervenytelenitesekkel\/","title":{"rendered":"1870\/1900 Bosznia-Hercegovina &#8211; tizenk\u00e9t b\u00e9lyeg sz\u00e9p k\u00e9zi \u00e9rv\u00e9nytelen\u00edt\u00e9sekkel"},"content":{"rendered":"","protected":false},"excerpt":{"rendered":"","protected":false},"featured_media":34229,"template":"","meta":[],"product_brand":[],"product_cat":[1178,1222,1172],"product_tag":[1669,116,1041,1006],"class_list":{"0":"post-27609","1":"product","2":"type-product","3":"status-publish","4":"has-post-thumbnail","6":"product_cat-ausztria","7":"product_cat-bosznia-hercegovina","8":"product_cat-magyarorszag","9":"product_tag-3rd-auction","10":"product_tag-belyeg","11":"product_tag-marcophily-hu","12":"product_tag-unsold","14":"first","15":"instock","16":"sold-individually","17":"shipping-taxable","18":"purchasable","19":"product-type-simple"},"_links":{"self":[{"href":"https:\/\/stampcurio.com\/hu\/wp-json\/wp\/v2\/product\/27609","targetHints":{"allow":["GET"]}}],"collection":[{"href":"https:\/\/stampcurio.com\/hu\/wp-json\/wp\/v2\/product"}],"about":[{"href":"https:\/\/stampcurio.com\/hu\/wp-json\/wp\/v2\/types\/product"}],"wp:featuredmedia":[{"embeddable":true,"href":"https:\/\/stampcurio.com\/hu\/wp-json\/wp\/v2\/media\/34229"}],"wp:attachment":[{"href":"https:\/\/stampcurio.com\/hu\/wp-json\/wp\/v2\/media?parent=27609"}],"wp:term":[{"taxonomy":"product_brand","embeddable":true,"href":"https:\/\/stampcurio.com\/hu\/wp-json\/wp\/v2\/product_brand?post=27609"},{"taxonomy":"product_cat","embeddable":true,"href":"https:\/\/stampcurio.com\/hu\/wp-json\/wp\/v2\/product_cat?post=27609"},{"taxonomy":"product_tag","embeddable":true,"href":"https:\/\/stampcurio.com\/hu\/wp-json\/wp\/v2\/product_tag?post=27609"}],"curies":[{"name":"wp","href":"https:\/\/api.w.org\/{rel}","templated":true}]}}