{"id":27606,"date":"2025-11-24T16:31:09","date_gmt":"2025-11-24T15:31:09","guid":{"rendered":"https:\/\/stampcurio.com\/product\/1903-magyarorszag-porto-2-filler-b-fog-postatiszta-phu-40-eur\/"},"modified":"2026-01-05T15:04:40","modified_gmt":"2026-01-05T14:04:40","slug":"1903-magyarorszag-porto-2-filler-b-fog-115-postatiszta-mi-2b-phu-2b-40-eur","status":"publish","type":"product","link":"https:\/\/stampcurio.com\/hu\/termek\/1903-magyarorszag-porto-2-filler-b-fog-115-postatiszta-mi-2b-phu-2b-40-eur\/","title":{"rendered":"1903 Magyarorsz\u00e1g &#8211; Port\u00f3 2 fill\u00e9r B fog (11,5) postatiszta * | Mi: 2B | Phu: 2B \/ 40 EUR"},"content":{"rendered":"","protected":false},"excerpt":{"rendered":"","protected":false},"featured_media":33695,"template":"","meta":[],"product_brand":[],"product_cat":[1172],"product_tag":[1669,116,108,1006],"class_list":{"0":"post-27606","1":"product","2":"type-product","3":"status-publish","4":"has-post-thumbnail","6":"product_cat-magyarorszag","7":"product_tag-3rd-auction","8":"product_tag-belyeg","9":"product_tag-porto","10":"product_tag-unsold","12":"first","13":"instock","14":"sold-individually","15":"shipping-taxable","16":"purchasable","17":"product-type-simple"},"_links":{"self":[{"href":"https:\/\/stampcurio.com\/hu\/wp-json\/wp\/v2\/product\/27606","targetHints":{"allow":["GET"]}}],"collection":[{"href":"https:\/\/stampcurio.com\/hu\/wp-json\/wp\/v2\/product"}],"about":[{"href":"https:\/\/stampcurio.com\/hu\/wp-json\/wp\/v2\/types\/product"}],"wp:featuredmedia":[{"embeddable":true,"href":"https:\/\/stampcurio.com\/hu\/wp-json\/wp\/v2\/media\/33695"}],"wp:attachment":[{"href":"https:\/\/stampcurio.com\/hu\/wp-json\/wp\/v2\/media?parent=27606"}],"wp:term":[{"taxonomy":"product_brand","embeddable":true,"href":"https:\/\/stampcurio.com\/hu\/wp-json\/wp\/v2\/product_brand?post=27606"},{"taxonomy":"product_cat","embeddable":true,"href":"https:\/\/stampcurio.com\/hu\/wp-json\/wp\/v2\/product_cat?post=27606"},{"taxonomy":"product_tag","embeddable":true,"href":"https:\/\/stampcurio.com\/hu\/wp-json\/wp\/v2\/product_tag?post=27606"}],"curies":[{"name":"wp","href":"https:\/\/api.w.org\/{rel}","templated":true}]}}