{"id":27603,"date":"2025-11-24T16:31:08","date_gmt":"2025-11-24T15:31:08","guid":{"rendered":"https:\/\/stampcurio.com\/product\/1900-magyarorszag-turul-5-korona-ket-fuggoleges-par-az-egyik-belyegen-jol-kiveheto-b4-vizjelallassal\/"},"modified":"2025-12-05T04:01:35","modified_gmt":"2025-12-05T03:01:35","slug":"1900-magyarorszag-turul-5-korona-ket-fuggoleges-par-az-egyik-belyegen-jol-kiveheto-b4-vizjelallassal-zagrab-zagreb-2k-ketnyelvu-belyegzessel","status":"publish","type":"product","link":"https:\/\/stampcurio.com\/hu\/termek\/1900-magyarorszag-turul-5-korona-ket-fuggoleges-par-az-egyik-belyegen-jol-kiveheto-b4-vizjelallassal-zagrab-zagreb-2k-ketnyelvu-belyegzessel\/","title":{"rendered":"1900 Magyarorsz\u00e1g &#8211; Turul 5 korona k\u00e9t f\u00fcgg\u0151leges p\u00e1r, az egyik b\u00e9lyegen j\u00f3l kivehet\u0151 B4 (!) v\u00edzjel\u00e1ll\u00e1ssal &#8211; Z\u00e1gr\u00e1b &#8211; Zagreb \/ 2K k\u00e9tnyelv\u0171 b\u00e9lyegz\u00e9ssel"},"content":{"rendered":"","protected":false},"excerpt":{"rendered":"","protected":false},"featured_media":33703,"template":"","meta":[],"product_brand":[],"product_cat":[1192,1172],"product_tag":[1669,116,1041],"class_list":{"0":"post-27603","1":"product","2":"type-product","3":"status-publish","4":"has-post-thumbnail","6":"product_cat-horvatorszag","7":"product_cat-magyarorszag","8":"product_tag-3rd-auction","9":"product_tag-belyeg","10":"product_tag-marcophily-hu","12":"first","13":"outofstock","14":"sold-individually","15":"shipping-taxable","16":"purchasable","17":"product-type-simple"},"_links":{"self":[{"href":"https:\/\/stampcurio.com\/hu\/wp-json\/wp\/v2\/product\/27603","targetHints":{"allow":["GET"]}}],"collection":[{"href":"https:\/\/stampcurio.com\/hu\/wp-json\/wp\/v2\/product"}],"about":[{"href":"https:\/\/stampcurio.com\/hu\/wp-json\/wp\/v2\/types\/product"}],"wp:featuredmedia":[{"embeddable":true,"href":"https:\/\/stampcurio.com\/hu\/wp-json\/wp\/v2\/media\/33703"}],"wp:attachment":[{"href":"https:\/\/stampcurio.com\/hu\/wp-json\/wp\/v2\/media?parent=27603"}],"wp:term":[{"taxonomy":"product_brand","embeddable":true,"href":"https:\/\/stampcurio.com\/hu\/wp-json\/wp\/v2\/product_brand?post=27603"},{"taxonomy":"product_cat","embeddable":true,"href":"https:\/\/stampcurio.com\/hu\/wp-json\/wp\/v2\/product_cat?post=27603"},{"taxonomy":"product_tag","embeddable":true,"href":"https:\/\/stampcurio.com\/hu\/wp-json\/wp\/v2\/product_tag?post=27603"}],"curies":[{"name":"wp","href":"https:\/\/api.w.org\/{rel}","templated":true}]}}