{"id":27601,"date":"2025-11-24T16:31:07","date_gmt":"2025-11-24T15:31:07","guid":{"rendered":"https:\/\/stampcurio.com\/product\/1926-madagaszkar-pengo-filleres-teljes-sor-harmascsikokban-a-madagaszkari-posta-upu-specimenbol\/"},"modified":"2025-12-05T04:01:36","modified_gmt":"2025-12-05T03:01:36","slug":"1926-magyarorszag-pengo-filleres-porto-teljes-sor-madagaszkari-upu-minta-belyegei-harmascsikokban","status":"publish","type":"product","link":"https:\/\/stampcurio.com\/hu\/termek\/1926-magyarorszag-pengo-filleres-porto-teljes-sor-madagaszkari-upu-minta-belyegei-harmascsikokban\/","title":{"rendered":"1926 Magyarorsz\u00e1g &#8211; Peng\u0151-fill\u00e9res port\u00f3 teljes sor, madagaszk\u00e1ri UPU minta b\u00e9lyegei h\u00e1rmascs\u00edkokban"},"content":{"rendered":"","protected":false},"excerpt":{"rendered":"<p>A fels\u0151 szett a m\u00e1rciusi kiad\u00e1s, az als\u00f3 n\u00e9gy \u00e9rt\u00e9k csak decemberben jelent meg kieg\u00e9sz\u00edt\u0151 \u00e9rt\u00e9kk\u00e9nt, ez\u00e9rt van k\u00fcl\u00f6n lapon.<\/p>\n","protected":false},"featured_media":34611,"template":"","meta":[],"product_brand":[],"product_cat":[1285,1172],"product_tag":[1669,116,108,390,217],"class_list":{"0":"post-27601","1":"product","2":"type-product","3":"status-publish","4":"has-post-thumbnail","6":"product_cat-madagaszkar","7":"product_cat-magyarorszag","8":"product_tag-3rd-auction","9":"product_tag-belyeg","10":"product_tag-porto","11":"product_tag-probanyomat","12":"product_tag-tevnyomat","14":"first","15":"outofstock","16":"sold-individually","17":"shipping-taxable","18":"purchasable","19":"product-type-simple"},"_links":{"self":[{"href":"https:\/\/stampcurio.com\/hu\/wp-json\/wp\/v2\/product\/27601","targetHints":{"allow":["GET"]}}],"collection":[{"href":"https:\/\/stampcurio.com\/hu\/wp-json\/wp\/v2\/product"}],"about":[{"href":"https:\/\/stampcurio.com\/hu\/wp-json\/wp\/v2\/types\/product"}],"wp:featuredmedia":[{"embeddable":true,"href":"https:\/\/stampcurio.com\/hu\/wp-json\/wp\/v2\/media\/34611"}],"wp:attachment":[{"href":"https:\/\/stampcurio.com\/hu\/wp-json\/wp\/v2\/media?parent=27601"}],"wp:term":[{"taxonomy":"product_brand","embeddable":true,"href":"https:\/\/stampcurio.com\/hu\/wp-json\/wp\/v2\/product_brand?post=27601"},{"taxonomy":"product_cat","embeddable":true,"href":"https:\/\/stampcurio.com\/hu\/wp-json\/wp\/v2\/product_cat?post=27601"},{"taxonomy":"product_tag","embeddable":true,"href":"https:\/\/stampcurio.com\/hu\/wp-json\/wp\/v2\/product_tag?post=27601"}],"curies":[{"name":"wp","href":"https:\/\/api.w.org\/{rel}","templated":true}]}}