{"id":27600,"date":"2025-11-24T16:31:07","date_gmt":"2025-11-24T15:31:07","guid":{"rendered":"https:\/\/stampcurio.com\/product\/1934-magyarorszag-legrady-sandor-okmanybelyeg-tervei-az-1934-es-torvenykezesi-illetekbelyeg-kiadashoz\/"},"modified":"2025-12-05T04:01:36","modified_gmt":"2025-12-05T03:01:36","slug":"1934-magyarorszag-legrady-sandor-okmanybelyeg-tervei-az-1934-es-torvenykezesi-illetekbelyeg-kiadashoz","status":"publish","type":"product","link":"https:\/\/stampcurio.com\/hu\/termek\/1934-magyarorszag-legrady-sandor-okmanybelyeg-tervei-az-1934-es-torvenykezesi-illetekbelyeg-kiadashoz\/","title":{"rendered":"1934 Magyarorsz\u00e1g &#8211; L\u00e9gr\u00e1dy S\u00e1ndor okm\u00e1nyb\u00e9lyeg tervei az 1934-es T\u00f6rv\u00e9nykez\u00e9si Illet\u00e9kb\u00e9lyeg kiad\u00e1shoz"},"content":{"rendered":"","protected":false},"excerpt":{"rendered":"","protected":false},"featured_media":31693,"template":"","meta":[],"product_brand":[],"product_cat":[1172],"product_tag":[1669,1377,282],"class_list":{"0":"post-27600","1":"product","2":"type-product","3":"status-publish","4":"has-post-thumbnail","6":"product_cat-magyarorszag","7":"product_tag-3rd-auction","8":"product_tag-belyegterv","9":"product_tag-okmanybelyeg","11":"first","12":"outofstock","13":"sold-individually","14":"shipping-taxable","15":"purchasable","16":"product-type-simple"},"_links":{"self":[{"href":"https:\/\/stampcurio.com\/hu\/wp-json\/wp\/v2\/product\/27600","targetHints":{"allow":["GET"]}}],"collection":[{"href":"https:\/\/stampcurio.com\/hu\/wp-json\/wp\/v2\/product"}],"about":[{"href":"https:\/\/stampcurio.com\/hu\/wp-json\/wp\/v2\/types\/product"}],"wp:featuredmedia":[{"embeddable":true,"href":"https:\/\/stampcurio.com\/hu\/wp-json\/wp\/v2\/media\/31693"}],"wp:attachment":[{"href":"https:\/\/stampcurio.com\/hu\/wp-json\/wp\/v2\/media?parent=27600"}],"wp:term":[{"taxonomy":"product_brand","embeddable":true,"href":"https:\/\/stampcurio.com\/hu\/wp-json\/wp\/v2\/product_brand?post=27600"},{"taxonomy":"product_cat","embeddable":true,"href":"https:\/\/stampcurio.com\/hu\/wp-json\/wp\/v2\/product_cat?post=27600"},{"taxonomy":"product_tag","embeddable":true,"href":"https:\/\/stampcurio.com\/hu\/wp-json\/wp\/v2\/product_tag?post=27600"}],"curies":[{"name":"wp","href":"https:\/\/api.w.org\/{rel}","templated":true}]}}