{"id":27599,"date":"2025-11-24T16:31:06","date_gmt":"2025-11-24T15:31:06","guid":{"rendered":"https:\/\/stampcurio.com\/product\/1919-magyarorszag-baranya-szerb-megszallas-postatiszta-tizescsik-elcsuszott-felulnyomassal-a-felulnyomas-elcsuszasa-miatt-az-elso-belyegen-alul-mig-az-utolso-belyegen-felul-szerepel-az-evsz\/"},"modified":"2026-01-05T15:04:41","modified_gmt":"2026-01-05T14:04:41","slug":"1919-magyarorszag-baranya-postatiszta-tizescsik-elcsuszott-felulnyomassal-a-felulnyomas-elcsuszasa-miatt-az-elso-belyegen-alul-mig-az-utolso-belyegen-felul-szerepel-az-evszam","status":"publish","type":"product","link":"https:\/\/stampcurio.com\/hu\/termek\/1919-magyarorszag-baranya-postatiszta-tizescsik-elcsuszott-felulnyomassal-a-felulnyomas-elcsuszasa-miatt-az-elso-belyegen-alul-mig-az-utolso-belyegen-felul-szerepel-az-evszam\/","title":{"rendered":"1919 Magyarorsz\u00e1g &#8211; Baranya &#8211;  postatiszta tizescs\u00edk elcs\u00faszott fel\u00fclnyom\u00e1ssal \u2013 a fel\u00fclnyom\u00e1s elcs\u00fasz\u00e1sa miatt az els\u0151 b\u00e9lyegen alul, m\u00edg az utols\u00f3 b\u00e9lyegen fel\u00fcl szerepel az \u00e9vsz\u00e1m \u2013 az \u00e9vsz\u00e1m antikva \u00e9s groteszk bet\u0171kkel vegyesen"},"content":{"rendered":"","protected":false},"excerpt":{"rendered":"<p>Az utols\u00f3 b\u00e9lyeg falccal meger\u0151s\u00edtve.<\/p>\n","protected":false},"featured_media":34842,"template":"","meta":[],"product_brand":[],"product_cat":[1172,1245],"product_tag":[1669,116,1332,217,1006],"class_list":{"0":"post-27599","1":"product","2":"type-product","3":"status-publish","4":"has-post-thumbnail","6":"product_cat-magyarorszag","7":"product_cat-szerbia","8":"product_tag-3rd-auction","9":"product_tag-belyeg","10":"product_tag-helyi-kiadas","11":"product_tag-tevnyomat","12":"product_tag-unsold","14":"first","15":"instock","16":"sold-individually","17":"shipping-taxable","18":"purchasable","19":"product-type-simple"},"_links":{"self":[{"href":"https:\/\/stampcurio.com\/hu\/wp-json\/wp\/v2\/product\/27599","targetHints":{"allow":["GET"]}}],"collection":[{"href":"https:\/\/stampcurio.com\/hu\/wp-json\/wp\/v2\/product"}],"about":[{"href":"https:\/\/stampcurio.com\/hu\/wp-json\/wp\/v2\/types\/product"}],"wp:featuredmedia":[{"embeddable":true,"href":"https:\/\/stampcurio.com\/hu\/wp-json\/wp\/v2\/media\/34842"}],"wp:attachment":[{"href":"https:\/\/stampcurio.com\/hu\/wp-json\/wp\/v2\/media?parent=27599"}],"wp:term":[{"taxonomy":"product_brand","embeddable":true,"href":"https:\/\/stampcurio.com\/hu\/wp-json\/wp\/v2\/product_brand?post=27599"},{"taxonomy":"product_cat","embeddable":true,"href":"https:\/\/stampcurio.com\/hu\/wp-json\/wp\/v2\/product_cat?post=27599"},{"taxonomy":"product_tag","embeddable":true,"href":"https:\/\/stampcurio.com\/hu\/wp-json\/wp\/v2\/product_tag?post=27599"}],"curies":[{"name":"wp","href":"https:\/\/api.w.org\/{rel}","templated":true}]}}