{"id":27598,"date":"2025-11-24T16:31:06","date_gmt":"2025-11-24T15:31:06","guid":{"rendered":"https:\/\/stampcurio.com\/product\/1960-magyarorszag-varak-3-ft-harmincas-tomb-extrem-elfogazassal\/"},"modified":"2026-01-05T15:04:41","modified_gmt":"2026-01-05T14:04:41","slug":"1960-magyarorszag-varak-3-ft-postatiszta-harmincas-tomb-extrem-elfogazassal","status":"publish","type":"product","link":"https:\/\/stampcurio.com\/hu\/termek\/1960-magyarorszag-varak-3-ft-postatiszta-harmincas-tomb-extrem-elfogazassal\/","title":{"rendered":"1960 Magyarorsz\u00e1g &#8211; V\u00e1rak 3 Ft postatiszta harmincas t\u00f6mb extr\u00e9m elfogaz\u00e1ssal"},"content":{"rendered":"","protected":false},"excerpt":{"rendered":"","protected":false},"featured_media":34631,"template":"","meta":[],"product_brand":[],"product_cat":[1172],"product_tag":[1669,116,217,1006],"class_list":{"0":"post-27598","1":"product","2":"type-product","3":"status-publish","4":"has-post-thumbnail","6":"product_cat-magyarorszag","7":"product_tag-3rd-auction","8":"product_tag-belyeg","9":"product_tag-tevnyomat","10":"product_tag-unsold","12":"first","13":"instock","14":"sold-individually","15":"shipping-taxable","16":"purchasable","17":"product-type-simple"},"_links":{"self":[{"href":"https:\/\/stampcurio.com\/hu\/wp-json\/wp\/v2\/product\/27598","targetHints":{"allow":["GET"]}}],"collection":[{"href":"https:\/\/stampcurio.com\/hu\/wp-json\/wp\/v2\/product"}],"about":[{"href":"https:\/\/stampcurio.com\/hu\/wp-json\/wp\/v2\/types\/product"}],"wp:featuredmedia":[{"embeddable":true,"href":"https:\/\/stampcurio.com\/hu\/wp-json\/wp\/v2\/media\/34631"}],"wp:attachment":[{"href":"https:\/\/stampcurio.com\/hu\/wp-json\/wp\/v2\/media?parent=27598"}],"wp:term":[{"taxonomy":"product_brand","embeddable":true,"href":"https:\/\/stampcurio.com\/hu\/wp-json\/wp\/v2\/product_brand?post=27598"},{"taxonomy":"product_cat","embeddable":true,"href":"https:\/\/stampcurio.com\/hu\/wp-json\/wp\/v2\/product_cat?post=27598"},{"taxonomy":"product_tag","embeddable":true,"href":"https:\/\/stampcurio.com\/hu\/wp-json\/wp\/v2\/product_tag?post=27598"}],"curies":[{"name":"wp","href":"https:\/\/api.w.org\/{rel}","templated":true}]}}