{"id":27597,"date":"2025-11-24T16:31:05","date_gmt":"2025-11-24T15:31:05","guid":{"rendered":"https:\/\/stampcurio.com\/product\/1850-ausztria-2-kr-iiia-tipus-kezi-papir-hp-kronstadt-belyegzes-2-db-3-kr-andraskereszt-vegzodes-a-jobb-oldalon-ferchenbauer-250-eur\/"},"modified":"2026-01-13T15:35:06","modified_gmt":"2026-01-13T14:35:06","slug":"1850-ausztria-2-kr-hp-iiia-tipus-kronstadt-belyegzes-ket-3-kr-mindegyik-belyeg-andraskereszt-vegzodessel-az-oldalan-ferchenbauer-250-eur","status":"publish","type":"product","link":"https:\/\/stampcurio.com\/hu\/termek\/1850-ausztria-2-kr-hp-iiia-tipus-kronstadt-belyegzes-ket-3-kr-mindegyik-belyeg-andraskereszt-vegzodessel-az-oldalan-ferchenbauer-250-eur\/","title":{"rendered":"1850 Ausztria &#8211; 2 kr HP IIIa t\u00edpus KRONSTADT b\u00e9lyegz\u00e9s + k\u00e9t 3 kr. Mindegyik b\u00e9lyeg andr\u00e1skereszt v\u00e9gz\u0151d\u00e9ssel az oldal\u00e1n | Ferchenbauer: 250 EUR"},"content":{"rendered":"","protected":false},"excerpt":{"rendered":"","protected":false},"featured_media":34223,"template":"","meta":[],"product_brand":[],"product_cat":[1178,1172,1208],"product_tag":[1669,116,1041,217],"class_list":{"0":"post-27597","1":"product","2":"type-product","3":"status-publish","4":"has-post-thumbnail","6":"product_cat-ausztria","7":"product_cat-magyarorszag","8":"product_cat-romania","9":"product_tag-3rd-auction","10":"product_tag-belyeg","11":"product_tag-marcophily-hu","12":"product_tag-tevnyomat","14":"first","15":"outofstock","16":"sold-individually","17":"shipping-taxable","18":"purchasable","19":"product-type-simple"},"_links":{"self":[{"href":"https:\/\/stampcurio.com\/hu\/wp-json\/wp\/v2\/product\/27597","targetHints":{"allow":["GET"]}}],"collection":[{"href":"https:\/\/stampcurio.com\/hu\/wp-json\/wp\/v2\/product"}],"about":[{"href":"https:\/\/stampcurio.com\/hu\/wp-json\/wp\/v2\/types\/product"}],"wp:featuredmedia":[{"embeddable":true,"href":"https:\/\/stampcurio.com\/hu\/wp-json\/wp\/v2\/media\/34223"}],"wp:attachment":[{"href":"https:\/\/stampcurio.com\/hu\/wp-json\/wp\/v2\/media?parent=27597"}],"wp:term":[{"taxonomy":"product_brand","embeddable":true,"href":"https:\/\/stampcurio.com\/hu\/wp-json\/wp\/v2\/product_brand?post=27597"},{"taxonomy":"product_cat","embeddable":true,"href":"https:\/\/stampcurio.com\/hu\/wp-json\/wp\/v2\/product_cat?post=27597"},{"taxonomy":"product_tag","embeddable":true,"href":"https:\/\/stampcurio.com\/hu\/wp-json\/wp\/v2\/product_tag?post=27597"}],"curies":[{"name":"wp","href":"https:\/\/api.w.org\/{rel}","templated":true}]}}