{"id":27596,"date":"2025-11-24T16:31:05","date_gmt":"2025-11-24T15:31:05","guid":{"rendered":"https:\/\/stampcurio.com\/product\/1956-eszak-korea-hasznalatlan-belyegek-ksc-2094-usd\/"},"modified":"2025-12-05T04:01:38","modified_gmt":"2025-12-05T03:01:38","slug":"1956-eszak-korea-postatiszta-egybelyeges-kiadasok-ksc-210-usd","status":"publish","type":"product","link":"https:\/\/stampcurio.com\/hu\/termek\/1956-eszak-korea-postatiszta-egybelyeges-kiadasok-ksc-210-usd\/","title":{"rendered":"1956 \u00c9szak-Korea &#8211; postatiszta egyb\u00e9lyeges kiad\u00e1sok | KSC: 210 USD"},"content":{"rendered":"","protected":false},"excerpt":{"rendered":"<p>Nem \u00fajnyomat.<\/p>\n","protected":false},"featured_media":34233,"template":"","meta":[],"product_brand":[],"product_cat":[1225],"product_tag":[1669,116],"class_list":{"0":"post-27596","1":"product","2":"type-product","3":"status-publish","4":"has-post-thumbnail","6":"product_cat-eszak-korea","7":"product_tag-3rd-auction","8":"product_tag-belyeg","10":"first","11":"outofstock","12":"sold-individually","13":"shipping-taxable","14":"purchasable","15":"product-type-simple"},"_links":{"self":[{"href":"https:\/\/stampcurio.com\/hu\/wp-json\/wp\/v2\/product\/27596","targetHints":{"allow":["GET"]}}],"collection":[{"href":"https:\/\/stampcurio.com\/hu\/wp-json\/wp\/v2\/product"}],"about":[{"href":"https:\/\/stampcurio.com\/hu\/wp-json\/wp\/v2\/types\/product"}],"wp:featuredmedia":[{"embeddable":true,"href":"https:\/\/stampcurio.com\/hu\/wp-json\/wp\/v2\/media\/34233"}],"wp:attachment":[{"href":"https:\/\/stampcurio.com\/hu\/wp-json\/wp\/v2\/media?parent=27596"}],"wp:term":[{"taxonomy":"product_brand","embeddable":true,"href":"https:\/\/stampcurio.com\/hu\/wp-json\/wp\/v2\/product_brand?post=27596"},{"taxonomy":"product_cat","embeddable":true,"href":"https:\/\/stampcurio.com\/hu\/wp-json\/wp\/v2\/product_cat?post=27596"},{"taxonomy":"product_tag","embeddable":true,"href":"https:\/\/stampcurio.com\/hu\/wp-json\/wp\/v2\/product_tag?post=27596"}],"curies":[{"name":"wp","href":"https:\/\/api.w.org\/{rel}","templated":true}]}}