{"id":27595,"date":"2025-11-24T16:31:05","date_gmt":"2025-11-24T15:31:05","guid":{"rendered":"https:\/\/stampcurio.com\/product\/1850-ausztria-lombard-velence-1-kr-sotetnarancs-dunkelorange-kezi-papir-hp-brescia-belyegzessel-attest-ferchenbauer-1980\/"},"modified":"2025-12-05T04:01:37","modified_gmt":"2025-12-05T03:01:37","slug":"1850-ausztria-lombard-velence-1-kr-hp-sotetnarancs-dunkelorange-brescia-belyegzessel-attest-ferchenbauer","status":"publish","type":"product","link":"https:\/\/stampcurio.com\/hu\/termek\/1850-ausztria-lombard-velence-1-kr-hp-sotetnarancs-dunkelorange-brescia-belyegzessel-attest-ferchenbauer\/","title":{"rendered":"1850 Ausztria &#8211; Lombard-Velence 1 kr HP s\u00f6t\u00e9tnarancs (dunkelorange) BRESCIA b\u00e9lyegz\u00e9ssel | Attest: Ferchenbauer"},"content":{"rendered":"","protected":false},"excerpt":{"rendered":"","protected":false},"featured_media":34197,"template":"","meta":[],"product_brand":[],"product_cat":[1178,1183],"product_tag":[1669,116,1041],"class_list":{"0":"post-27595","1":"product","2":"type-product","3":"status-publish","4":"has-post-thumbnail","6":"product_cat-ausztria","7":"product_cat-olaszorszag","8":"product_tag-3rd-auction","9":"product_tag-belyeg","10":"product_tag-marcophily-hu","12":"first","13":"outofstock","14":"sold-individually","15":"shipping-taxable","16":"purchasable","17":"product-type-simple"},"_links":{"self":[{"href":"https:\/\/stampcurio.com\/hu\/wp-json\/wp\/v2\/product\/27595","targetHints":{"allow":["GET"]}}],"collection":[{"href":"https:\/\/stampcurio.com\/hu\/wp-json\/wp\/v2\/product"}],"about":[{"href":"https:\/\/stampcurio.com\/hu\/wp-json\/wp\/v2\/types\/product"}],"wp:featuredmedia":[{"embeddable":true,"href":"https:\/\/stampcurio.com\/hu\/wp-json\/wp\/v2\/media\/34197"}],"wp:attachment":[{"href":"https:\/\/stampcurio.com\/hu\/wp-json\/wp\/v2\/media?parent=27595"}],"wp:term":[{"taxonomy":"product_brand","embeddable":true,"href":"https:\/\/stampcurio.com\/hu\/wp-json\/wp\/v2\/product_brand?post=27595"},{"taxonomy":"product_cat","embeddable":true,"href":"https:\/\/stampcurio.com\/hu\/wp-json\/wp\/v2\/product_cat?post=27595"},{"taxonomy":"product_tag","embeddable":true,"href":"https:\/\/stampcurio.com\/hu\/wp-json\/wp\/v2\/product_tag?post=27595"}],"curies":[{"name":"wp","href":"https:\/\/api.w.org\/{rel}","templated":true}]}}