{"id":27594,"date":"2025-11-24T16:31:04","date_gmt":"2025-11-24T15:31:04","guid":{"rendered":"https:\/\/stampcurio.com\/product\/1850-ausztria-2-kr-iiib-tipus-kabinetstucke\/"},"modified":"2025-12-05T04:01:38","modified_gmt":"2025-12-05T03:01:38","slug":"1850-ausztria-2-kr-iiib-tipus-nagyon-jo-minosegben","status":"publish","type":"product","link":"https:\/\/stampcurio.com\/hu\/termek\/1850-ausztria-2-kr-iiib-tipus-nagyon-jo-minosegben\/","title":{"rendered":"1850 Ausztria &#8211; 2 kr IIIb. t\u00edpus nagyon j\u00f3 min\u0151s\u00e9gben"},"content":{"rendered":"","protected":false},"excerpt":{"rendered":"","protected":false},"featured_media":34055,"template":"","meta":[],"product_brand":[],"product_cat":[1178],"product_tag":[1669,116,1041],"class_list":{"0":"post-27594","1":"product","2":"type-product","3":"status-publish","4":"has-post-thumbnail","6":"product_cat-ausztria","7":"product_tag-3rd-auction","8":"product_tag-belyeg","9":"product_tag-marcophily-hu","11":"first","12":"outofstock","13":"sold-individually","14":"shipping-taxable","15":"purchasable","16":"product-type-simple"},"_links":{"self":[{"href":"https:\/\/stampcurio.com\/hu\/wp-json\/wp\/v2\/product\/27594","targetHints":{"allow":["GET"]}}],"collection":[{"href":"https:\/\/stampcurio.com\/hu\/wp-json\/wp\/v2\/product"}],"about":[{"href":"https:\/\/stampcurio.com\/hu\/wp-json\/wp\/v2\/types\/product"}],"wp:featuredmedia":[{"embeddable":true,"href":"https:\/\/stampcurio.com\/hu\/wp-json\/wp\/v2\/media\/34055"}],"wp:attachment":[{"href":"https:\/\/stampcurio.com\/hu\/wp-json\/wp\/v2\/media?parent=27594"}],"wp:term":[{"taxonomy":"product_brand","embeddable":true,"href":"https:\/\/stampcurio.com\/hu\/wp-json\/wp\/v2\/product_brand?post=27594"},{"taxonomy":"product_cat","embeddable":true,"href":"https:\/\/stampcurio.com\/hu\/wp-json\/wp\/v2\/product_cat?post=27594"},{"taxonomy":"product_tag","embeddable":true,"href":"https:\/\/stampcurio.com\/hu\/wp-json\/wp\/v2\/product_tag?post=27594"}],"curies":[{"name":"wp","href":"https:\/\/api.w.org\/{rel}","templated":true}]}}