{"id":27591,"date":"2025-11-24T16:31:03","date_gmt":"2025-11-24T15:31:03","guid":{"rendered":"https:\/\/stampcurio.com\/product\/1947-48-ukrajna-regensburg-camp-post-postatiszta-vagott-ivsarki-sor\/"},"modified":"2026-01-05T15:04:42","modified_gmt":"2026-01-05T14:04:42","slug":"1947-48-ukrajna-regensburg-camp-post-postatiszta-vagott-ivszeli-sor","status":"publish","type":"product","link":"https:\/\/stampcurio.com\/hu\/termek\/1947-48-ukrajna-regensburg-camp-post-postatiszta-vagott-ivszeli-sor\/","title":{"rendered":"1947\/48 Ukrajna &#8211; Regensburg Camp Post postatiszta ** v\u00e1gott \u00edvsz\u00e9li sor"},"content":{"rendered":"","protected":false},"excerpt":{"rendered":"","protected":false},"featured_media":34038,"template":"","meta":[],"product_brand":[],"product_cat":[1175,1226],"product_tag":[1669,116,1332,217,1006],"class_list":{"0":"post-27591","1":"product","2":"type-product","3":"status-publish","4":"has-post-thumbnail","6":"product_cat-nemetorszag","7":"product_cat-ukrajna","8":"product_tag-3rd-auction","9":"product_tag-belyeg","10":"product_tag-helyi-kiadas","11":"product_tag-tevnyomat","12":"product_tag-unsold","14":"first","15":"instock","16":"sold-individually","17":"shipping-taxable","18":"purchasable","19":"product-type-simple"},"_links":{"self":[{"href":"https:\/\/stampcurio.com\/hu\/wp-json\/wp\/v2\/product\/27591","targetHints":{"allow":["GET"]}}],"collection":[{"href":"https:\/\/stampcurio.com\/hu\/wp-json\/wp\/v2\/product"}],"about":[{"href":"https:\/\/stampcurio.com\/hu\/wp-json\/wp\/v2\/types\/product"}],"wp:featuredmedia":[{"embeddable":true,"href":"https:\/\/stampcurio.com\/hu\/wp-json\/wp\/v2\/media\/34038"}],"wp:attachment":[{"href":"https:\/\/stampcurio.com\/hu\/wp-json\/wp\/v2\/media?parent=27591"}],"wp:term":[{"taxonomy":"product_brand","embeddable":true,"href":"https:\/\/stampcurio.com\/hu\/wp-json\/wp\/v2\/product_brand?post=27591"},{"taxonomy":"product_cat","embeddable":true,"href":"https:\/\/stampcurio.com\/hu\/wp-json\/wp\/v2\/product_cat?post=27591"},{"taxonomy":"product_tag","embeddable":true,"href":"https:\/\/stampcurio.com\/hu\/wp-json\/wp\/v2\/product_tag?post=27591"}],"curies":[{"name":"wp","href":"https:\/\/api.w.org\/{rel}","templated":true}]}}