{"id":27589,"date":"2025-11-24T16:31:02","date_gmt":"2025-11-24T15:31:02","guid":{"rendered":"https:\/\/stampcurio.com\/product\/1947-48-ukrajna-regensburg-camp-post-postatiszta-sor-3-mk-erteke-szinvariansokkal-19-db-eltero-szin\/"},"modified":"2025-12-05T04:01:39","modified_gmt":"2025-12-05T03:01:39","slug":"1947-48-nemetorszag-ukrajna-regensburg-camp-post-postatiszta-3-mk-erteke-szinvariansokkal-19-eltero-szinu-belyeg","status":"publish","type":"product","link":"https:\/\/stampcurio.com\/hu\/termek\/1947-48-nemetorszag-ukrajna-regensburg-camp-post-postatiszta-3-mk-erteke-szinvariansokkal-19-eltero-szinu-belyeg\/","title":{"rendered":"1947\/48 N\u00e9metorsz\u00e1g \u2013 Ukrajna \u2013 Regensburg Camp Post postatiszta ** 3 MK \u00e9rt\u00e9ke sz\u00ednvari\u00e1nsokkal &#8211; 19 elt\u00e9r\u0151 sz\u00edn\u0171 b\u00e9lyeg"},"content":{"rendered":"","protected":false},"excerpt":{"rendered":"","protected":false},"featured_media":34577,"template":"","meta":[],"product_brand":[],"product_cat":[1175,1226],"product_tag":[1669,116,1332,217],"class_list":{"0":"post-27589","1":"product","2":"type-product","3":"status-publish","4":"has-post-thumbnail","6":"product_cat-nemetorszag","7":"product_cat-ukrajna","8":"product_tag-3rd-auction","9":"product_tag-belyeg","10":"product_tag-helyi-kiadas","11":"product_tag-tevnyomat","13":"first","14":"outofstock","15":"sold-individually","16":"shipping-taxable","17":"purchasable","18":"product-type-simple"},"_links":{"self":[{"href":"https:\/\/stampcurio.com\/hu\/wp-json\/wp\/v2\/product\/27589","targetHints":{"allow":["GET"]}}],"collection":[{"href":"https:\/\/stampcurio.com\/hu\/wp-json\/wp\/v2\/product"}],"about":[{"href":"https:\/\/stampcurio.com\/hu\/wp-json\/wp\/v2\/types\/product"}],"wp:featuredmedia":[{"embeddable":true,"href":"https:\/\/stampcurio.com\/hu\/wp-json\/wp\/v2\/media\/34577"}],"wp:attachment":[{"href":"https:\/\/stampcurio.com\/hu\/wp-json\/wp\/v2\/media?parent=27589"}],"wp:term":[{"taxonomy":"product_brand","embeddable":true,"href":"https:\/\/stampcurio.com\/hu\/wp-json\/wp\/v2\/product_brand?post=27589"},{"taxonomy":"product_cat","embeddable":true,"href":"https:\/\/stampcurio.com\/hu\/wp-json\/wp\/v2\/product_cat?post=27589"},{"taxonomy":"product_tag","embeddable":true,"href":"https:\/\/stampcurio.com\/hu\/wp-json\/wp\/v2\/product_tag?post=27589"}],"curies":[{"name":"wp","href":"https:\/\/api.w.org\/{rel}","templated":true}]}}