{"id":27586,"date":"2025-11-24T16:31:01","date_gmt":"2025-11-24T15:31:01","guid":{"rendered":"https:\/\/stampcurio.com\/product\/1947-ukrajna-regensburg-camp-post-postatiszta-vagott-ivsarki-sor\/"},"modified":"2025-12-05T04:01:40","modified_gmt":"2025-12-05T03:01:40","slug":"1947-48-nemetorszag-ukrajna-regensburg-camp-post-postatiszta-vagott-ivsarki-sor-parokban","status":"publish","type":"product","link":"https:\/\/stampcurio.com\/hu\/termek\/1947-48-nemetorszag-ukrajna-regensburg-camp-post-postatiszta-vagott-ivsarki-sor-parokban\/","title":{"rendered":"1947\/48 N\u00e9metorsz\u00e1g \u2013 Ukrajna \u2013 Regensburg Camp Post postatiszta ** v\u00e1gott \u00edvsarki sor p\u00e1rokban"},"content":{"rendered":"","protected":false},"excerpt":{"rendered":"","protected":false},"featured_media":34607,"template":"","meta":[],"product_brand":[],"product_cat":[1175,1226],"product_tag":[1669,116],"class_list":{"0":"post-27586","1":"product","2":"type-product","3":"status-publish","4":"has-post-thumbnail","6":"product_cat-nemetorszag","7":"product_cat-ukrajna","8":"product_tag-3rd-auction","9":"product_tag-belyeg","11":"first","12":"outofstock","13":"sold-individually","14":"shipping-taxable","15":"purchasable","16":"product-type-simple"},"_links":{"self":[{"href":"https:\/\/stampcurio.com\/hu\/wp-json\/wp\/v2\/product\/27586","targetHints":{"allow":["GET"]}}],"collection":[{"href":"https:\/\/stampcurio.com\/hu\/wp-json\/wp\/v2\/product"}],"about":[{"href":"https:\/\/stampcurio.com\/hu\/wp-json\/wp\/v2\/types\/product"}],"wp:featuredmedia":[{"embeddable":true,"href":"https:\/\/stampcurio.com\/hu\/wp-json\/wp\/v2\/media\/34607"}],"wp:attachment":[{"href":"https:\/\/stampcurio.com\/hu\/wp-json\/wp\/v2\/media?parent=27586"}],"wp:term":[{"taxonomy":"product_brand","embeddable":true,"href":"https:\/\/stampcurio.com\/hu\/wp-json\/wp\/v2\/product_brand?post=27586"},{"taxonomy":"product_cat","embeddable":true,"href":"https:\/\/stampcurio.com\/hu\/wp-json\/wp\/v2\/product_cat?post=27586"},{"taxonomy":"product_tag","embeddable":true,"href":"https:\/\/stampcurio.com\/hu\/wp-json\/wp\/v2\/product_tag?post=27586"}],"curies":[{"name":"wp","href":"https:\/\/api.w.org\/{rel}","templated":true}]}}