{"id":27583,"date":"2025-11-24T16:31:00","date_gmt":"2025-11-24T15:31:00","guid":{"rendered":"https:\/\/stampcurio.com\/product\/1949-ukrajna-karpat-ukrajna-vagott-es-fogazott-postatiszta-belyegek-a-fekete-nyomat-kettosnyomataval\/"},"modified":"2026-01-05T15:04:43","modified_gmt":"2026-01-05T14:04:43","slug":"1947-48-nemetorszag-ukrajna-regensburg-camp-post-postatiszta-tevnyomat-a-belyegen-a-szurke-es-a-piros-szinnyomat-is-szerepel","status":"publish","type":"product","link":"https:\/\/stampcurio.com\/hu\/termek\/1947-48-nemetorszag-ukrajna-regensburg-camp-post-postatiszta-tevnyomat-a-belyegen-a-szurke-es-a-piros-szinnyomat-is-szerepel\/","title":{"rendered":"1947\/48 N\u00e9metorsz\u00e1g \u2013 Ukrajna \u2013 Regensburg Camp Post postatiszta ** t\u00e9vnyomat: a b\u00e9lyegen a sz\u00fcrke \u00e9s a piros sz\u00ednnyomat is szerepel"},"content":{"rendered":"","protected":false},"excerpt":{"rendered":"","protected":false},"featured_media":33713,"template":"","meta":[],"product_brand":[],"product_cat":[1175,1226],"product_tag":[1669,116,1332,217,1006],"class_list":{"0":"post-27583","1":"product","2":"type-product","3":"status-publish","4":"has-post-thumbnail","6":"product_cat-nemetorszag","7":"product_cat-ukrajna","8":"product_tag-3rd-auction","9":"product_tag-belyeg","10":"product_tag-helyi-kiadas","11":"product_tag-tevnyomat","12":"product_tag-unsold","14":"first","15":"instock","16":"sold-individually","17":"shipping-taxable","18":"purchasable","19":"product-type-simple"},"_links":{"self":[{"href":"https:\/\/stampcurio.com\/hu\/wp-json\/wp\/v2\/product\/27583","targetHints":{"allow":["GET"]}}],"collection":[{"href":"https:\/\/stampcurio.com\/hu\/wp-json\/wp\/v2\/product"}],"about":[{"href":"https:\/\/stampcurio.com\/hu\/wp-json\/wp\/v2\/types\/product"}],"wp:featuredmedia":[{"embeddable":true,"href":"https:\/\/stampcurio.com\/hu\/wp-json\/wp\/v2\/media\/33713"}],"wp:attachment":[{"href":"https:\/\/stampcurio.com\/hu\/wp-json\/wp\/v2\/media?parent=27583"}],"wp:term":[{"taxonomy":"product_brand","embeddable":true,"href":"https:\/\/stampcurio.com\/hu\/wp-json\/wp\/v2\/product_brand?post=27583"},{"taxonomy":"product_cat","embeddable":true,"href":"https:\/\/stampcurio.com\/hu\/wp-json\/wp\/v2\/product_cat?post=27583"},{"taxonomy":"product_tag","embeddable":true,"href":"https:\/\/stampcurio.com\/hu\/wp-json\/wp\/v2\/product_tag?post=27583"}],"curies":[{"name":"wp","href":"https:\/\/api.w.org\/{rel}","templated":true}]}}