{"id":27582,"date":"2025-11-24T16:30:59","date_gmt":"2025-11-24T15:30:59","guid":{"rendered":"https:\/\/stampcurio.com\/product\/1949-ukrajna-karpat-ukrajna-vagott-es-fogazott-postatiszta-belyegek-piros-es-szurke-duplanyomat\/"},"modified":"2025-12-05T04:01:42","modified_gmt":"2025-12-05T03:01:42","slug":"1947-48-nemetorszag-ukrajna-regensburg-camp-post-vagott-es-fogazott-postatiszta-belyegek-a-fekete-nyomat-kettosnyomataval","status":"publish","type":"product","link":"https:\/\/stampcurio.com\/hu\/termek\/1947-48-nemetorszag-ukrajna-regensburg-camp-post-vagott-es-fogazott-postatiszta-belyegek-a-fekete-nyomat-kettosnyomataval\/","title":{"rendered":"1947\/48 N\u00e9metorsz\u00e1g \u2013 Ukrajna \u2013 Regensburg Camp Post v\u00e1gott \u00e9s fogazott postatiszta ** b\u00e9lyegek a fekete nyomat kett\u0151snyomat\u00e1val"},"content":{"rendered":"","protected":false},"excerpt":{"rendered":"","protected":false},"featured_media":34263,"template":"","meta":[],"product_brand":[],"product_cat":[1175,1226],"product_tag":[1669,116,1332,217],"class_list":{"0":"post-27582","1":"product","2":"type-product","3":"status-publish","4":"has-post-thumbnail","6":"product_cat-nemetorszag","7":"product_cat-ukrajna","8":"product_tag-3rd-auction","9":"product_tag-belyeg","10":"product_tag-helyi-kiadas","11":"product_tag-tevnyomat","13":"first","14":"outofstock","15":"sold-individually","16":"shipping-taxable","17":"purchasable","18":"product-type-simple"},"_links":{"self":[{"href":"https:\/\/stampcurio.com\/hu\/wp-json\/wp\/v2\/product\/27582","targetHints":{"allow":["GET"]}}],"collection":[{"href":"https:\/\/stampcurio.com\/hu\/wp-json\/wp\/v2\/product"}],"about":[{"href":"https:\/\/stampcurio.com\/hu\/wp-json\/wp\/v2\/types\/product"}],"wp:featuredmedia":[{"embeddable":true,"href":"https:\/\/stampcurio.com\/hu\/wp-json\/wp\/v2\/media\/34263"}],"wp:attachment":[{"href":"https:\/\/stampcurio.com\/hu\/wp-json\/wp\/v2\/media?parent=27582"}],"wp:term":[{"taxonomy":"product_brand","embeddable":true,"href":"https:\/\/stampcurio.com\/hu\/wp-json\/wp\/v2\/product_brand?post=27582"},{"taxonomy":"product_cat","embeddable":true,"href":"https:\/\/stampcurio.com\/hu\/wp-json\/wp\/v2\/product_cat?post=27582"},{"taxonomy":"product_tag","embeddable":true,"href":"https:\/\/stampcurio.com\/hu\/wp-json\/wp\/v2\/product_tag?post=27582"}],"curies":[{"name":"wp","href":"https:\/\/api.w.org\/{rel}","templated":true}]}}