{"id":27580,"date":"2025-11-24T16:30:59","date_gmt":"2025-11-24T15:30:59","guid":{"rendered":"https:\/\/stampcurio.com\/product\/1863-ausztria-hirlapbelyeg-brody-gallia-ovalis-belyegzessel-muller-n-a\/"},"modified":"2025-12-05T04:01:41","modified_gmt":"2025-12-05T03:01:41","slug":"1863-ausztria-hirlapbelyeg-brody-gallia-ovalis-belyegzessel-muller-ismeretlen","status":"publish","type":"product","link":"https:\/\/stampcurio.com\/hu\/termek\/1863-ausztria-hirlapbelyeg-brody-gallia-ovalis-belyegzessel-muller-ismeretlen\/","title":{"rendered":"1863 Ausztria &#8211; H\u00edrlapb\u00e9lyeg BRODY \/ GALLIA ov\u00e1lis b\u00e9lyegz\u00e9ssel | M\u00fcller: ismeretlen!"},"content":{"rendered":"","protected":false},"excerpt":{"rendered":"<p>Kis elv\u00e9konyod\u00e1s.<\/p>\n","protected":false},"featured_media":32295,"template":"","meta":[],"product_brand":[],"product_cat":[1178],"product_tag":[1669,116,1041],"class_list":{"0":"post-27580","1":"product","2":"type-product","3":"status-publish","4":"has-post-thumbnail","6":"product_cat-ausztria","7":"product_tag-3rd-auction","8":"product_tag-belyeg","9":"product_tag-marcophily-hu","11":"first","12":"outofstock","13":"sold-individually","14":"shipping-taxable","15":"purchasable","16":"product-type-simple"},"_links":{"self":[{"href":"https:\/\/stampcurio.com\/hu\/wp-json\/wp\/v2\/product\/27580","targetHints":{"allow":["GET"]}}],"collection":[{"href":"https:\/\/stampcurio.com\/hu\/wp-json\/wp\/v2\/product"}],"about":[{"href":"https:\/\/stampcurio.com\/hu\/wp-json\/wp\/v2\/types\/product"}],"wp:featuredmedia":[{"embeddable":true,"href":"https:\/\/stampcurio.com\/hu\/wp-json\/wp\/v2\/media\/32295"}],"wp:attachment":[{"href":"https:\/\/stampcurio.com\/hu\/wp-json\/wp\/v2\/media?parent=27580"}],"wp:term":[{"taxonomy":"product_brand","embeddable":true,"href":"https:\/\/stampcurio.com\/hu\/wp-json\/wp\/v2\/product_brand?post=27580"},{"taxonomy":"product_cat","embeddable":true,"href":"https:\/\/stampcurio.com\/hu\/wp-json\/wp\/v2\/product_cat?post=27580"},{"taxonomy":"product_tag","embeddable":true,"href":"https:\/\/stampcurio.com\/hu\/wp-json\/wp\/v2\/product_tag?post=27580"}],"curies":[{"name":"wp","href":"https:\/\/api.w.org\/{rel}","templated":true}]}}