{"id":2758,"date":"2023-11-14T10:07:00","date_gmt":"2023-11-14T09:07:00","guid":{"rendered":"http:\/\/stampcurio.com\/?post_type=product&#038;p=2758"},"modified":"2025-12-05T04:13:26","modified_gmt":"2025-12-05T03:13:26","slug":"1925-sport-sor-dijjegyes-boritekon-m-e-sz-nemzetkozi-regatta-alkalmi-belyegzessel-berlin-budapest-becs","status":"publish","type":"product","link":"https:\/\/stampcurio.com\/hu\/termek\/1925-sport-sor-dijjegyes-boritekon-m-e-sz-nemzetkozi-regatta-alkalmi-belyegzessel-berlin-budapest-becs\/","title":{"rendered":"1925 SPORT sor d\u00edjjegyes bor\u00edt\u00e9kon M.E.SZ. NEMZETK\u00d6ZI REGATTA alkalmi b\u00e9lyegz\u00e9ssel Berlin-Budapest-B\u00e9cs"},"content":{"rendered":"","protected":false},"excerpt":{"rendered":"","protected":false},"featured_media":11103,"template":"","meta":[],"product_brand":[],"product_cat":[60,73,113],"product_tag":[1044,74,1008,67,264],"class_list":{"0":"post-2758","1":"product","2":"type-product","3":"status-publish","4":"has-post-thumbnail","6":"product_cat-ausztria-1st","7":"product_cat-magyarorszag-1st","8":"product_cat-nemetorszag-1st","9":"product_tag-1st-auction-hu","10":"product_tag-dijjegyes","11":"product_tag-ebay","12":"product_tag-marcofilatelia","13":"product_tag-sport","14":"pa_catalog_id-269","16":"first","17":"instock","18":"sold-individually","19":"shipping-taxable","20":"product-type-simple"},"_links":{"self":[{"href":"https:\/\/stampcurio.com\/hu\/wp-json\/wp\/v2\/product\/2758","targetHints":{"allow":["GET"]}}],"collection":[{"href":"https:\/\/stampcurio.com\/hu\/wp-json\/wp\/v2\/product"}],"about":[{"href":"https:\/\/stampcurio.com\/hu\/wp-json\/wp\/v2\/types\/product"}],"wp:featuredmedia":[{"embeddable":true,"href":"https:\/\/stampcurio.com\/hu\/wp-json\/wp\/v2\/media\/11103"}],"wp:attachment":[{"href":"https:\/\/stampcurio.com\/hu\/wp-json\/wp\/v2\/media?parent=2758"}],"wp:term":[{"taxonomy":"product_brand","embeddable":true,"href":"https:\/\/stampcurio.com\/hu\/wp-json\/wp\/v2\/product_brand?post=2758"},{"taxonomy":"product_cat","embeddable":true,"href":"https:\/\/stampcurio.com\/hu\/wp-json\/wp\/v2\/product_cat?post=2758"},{"taxonomy":"product_tag","embeddable":true,"href":"https:\/\/stampcurio.com\/hu\/wp-json\/wp\/v2\/product_tag?post=2758"}],"curies":[{"name":"wp","href":"https:\/\/api.w.org\/{rel}","templated":true}]}}