{"id":27579,"date":"2025-11-24T16:30:58","date_gmt":"2025-11-24T15:30:58","guid":{"rendered":"https:\/\/stampcurio.com\/product\/1919-csehszlovakia-kassa-szallitolevel-a-megszallt-satoraljaujhelyre-kuldve-satoraljaujhely-36-napos-megszallasanak-18-napjan-satoraljaujhelyen-csehszlovak-hellerrel-portozva\/"},"modified":"2025-12-05T04:01:42","modified_gmt":"2025-12-05T03:01:42","slug":"1919-csehszlovakia-kassan-feladott-szallitolevel-a-megszallt-satoraljaujhelyre-kuldve-satoraljaujhely-36-napos-megszallasanak-18-19-napjan-satoraljaujhelyen-csehszlovak-belyeggel-portozva","status":"publish","type":"product","link":"https:\/\/stampcurio.com\/hu\/termek\/1919-csehszlovakia-kassan-feladott-szallitolevel-a-megszallt-satoraljaujhelyre-kuldve-satoraljaujhely-36-napos-megszallasanak-18-19-napjan-satoraljaujhelyen-csehszlovak-belyeggel-portozva\/","title":{"rendered":"1919 Csehszlov\u00e1kia &#8211; Kass\u00e1n feladott sz\u00e1ll\u00edt\u00f3lev\u00e9l a megsz\u00e1llt S\u00e1toralja\u00fajhelyre k\u00fcldve, S\u00e1toralja\u00fajhely 36 napos megsz\u00e1ll\u00e1s\u00e1nak 18-19. napj\u00e1n, S\u00e1toralja\u00fajhelyen csehszlov\u00e1k b\u00e9lyeggel port\u00f3zva"},"content":{"rendered":"","protected":false},"excerpt":{"rendered":"","protected":false},"featured_media":29369,"template":"","meta":[],"product_brand":[],"product_cat":[1238,1172,1189],"product_tag":[1669,116,1332,1041,108,89],"class_list":{"0":"post-27579","1":"product","2":"type-product","3":"status-publish","4":"has-post-thumbnail","6":"product_cat-csehorszag","7":"product_cat-magyarorszag","8":"product_cat-szlovakia","9":"product_tag-3rd-auction","10":"product_tag-belyeg","11":"product_tag-helyi-kiadas","12":"product_tag-marcophily-hu","13":"product_tag-porto","14":"product_tag-postatortenet","16":"first","17":"outofstock","18":"sold-individually","19":"shipping-taxable","20":"purchasable","21":"product-type-simple"},"_links":{"self":[{"href":"https:\/\/stampcurio.com\/hu\/wp-json\/wp\/v2\/product\/27579","targetHints":{"allow":["GET"]}}],"collection":[{"href":"https:\/\/stampcurio.com\/hu\/wp-json\/wp\/v2\/product"}],"about":[{"href":"https:\/\/stampcurio.com\/hu\/wp-json\/wp\/v2\/types\/product"}],"wp:featuredmedia":[{"embeddable":true,"href":"https:\/\/stampcurio.com\/hu\/wp-json\/wp\/v2\/media\/29369"}],"wp:attachment":[{"href":"https:\/\/stampcurio.com\/hu\/wp-json\/wp\/v2\/media?parent=27579"}],"wp:term":[{"taxonomy":"product_brand","embeddable":true,"href":"https:\/\/stampcurio.com\/hu\/wp-json\/wp\/v2\/product_brand?post=27579"},{"taxonomy":"product_cat","embeddable":true,"href":"https:\/\/stampcurio.com\/hu\/wp-json\/wp\/v2\/product_cat?post=27579"},{"taxonomy":"product_tag","embeddable":true,"href":"https:\/\/stampcurio.com\/hu\/wp-json\/wp\/v2\/product_tag?post=27579"}],"curies":[{"name":"wp","href":"https:\/\/api.w.org\/{rel}","templated":true}]}}