{"id":27571,"date":"2025-11-24T16:30:53","date_gmt":"2025-11-24T15:30:53","guid":{"rendered":"https:\/\/stampcurio.com\/product\/1911-magyarorszag-petrijanec-pu-500\/"},"modified":"2025-12-05T04:01:44","modified_gmt":"2025-12-05T03:01:44","slug":"1911-magyarorszag-petrijanec-ketnyelvu-magyar-horvat-postaugynokseg-belyegzes-pu-500-pont","status":"publish","type":"product","link":"https:\/\/stampcurio.com\/hu\/termek\/1911-magyarorszag-petrijanec-ketnyelvu-magyar-horvat-postaugynokseg-belyegzes-pu-500-pont\/","title":{"rendered":"1911 Magyarorsz\u00e1g &#8211; PETRIJANEC k\u00e9tnyelv\u0171 magyar \u2013 horv\u00e1t posta\u00fcgyn\u00f6ks\u00e9g b\u00e9lyegz\u00e9s | P\u00dc: 500 pont"},"content":{"rendered":"","protected":false},"excerpt":{"rendered":"","protected":false},"featured_media":33723,"template":"","meta":[],"product_brand":[],"product_cat":[1192,1172],"product_tag":[1669,1041,1269],"class_list":{"0":"post-27571","1":"product","2":"type-product","3":"status-publish","4":"has-post-thumbnail","6":"product_cat-horvatorszag","7":"product_cat-magyarorszag","8":"product_tag-3rd-auction","9":"product_tag-marcophily-hu","10":"product_tag-postaugynokseg","12":"first","13":"outofstock","14":"sold-individually","15":"shipping-taxable","16":"purchasable","17":"product-type-simple"},"_links":{"self":[{"href":"https:\/\/stampcurio.com\/hu\/wp-json\/wp\/v2\/product\/27571","targetHints":{"allow":["GET"]}}],"collection":[{"href":"https:\/\/stampcurio.com\/hu\/wp-json\/wp\/v2\/product"}],"about":[{"href":"https:\/\/stampcurio.com\/hu\/wp-json\/wp\/v2\/types\/product"}],"wp:featuredmedia":[{"embeddable":true,"href":"https:\/\/stampcurio.com\/hu\/wp-json\/wp\/v2\/media\/33723"}],"wp:attachment":[{"href":"https:\/\/stampcurio.com\/hu\/wp-json\/wp\/v2\/media?parent=27571"}],"wp:term":[{"taxonomy":"product_brand","embeddable":true,"href":"https:\/\/stampcurio.com\/hu\/wp-json\/wp\/v2\/product_brand?post=27571"},{"taxonomy":"product_cat","embeddable":true,"href":"https:\/\/stampcurio.com\/hu\/wp-json\/wp\/v2\/product_cat?post=27571"},{"taxonomy":"product_tag","embeddable":true,"href":"https:\/\/stampcurio.com\/hu\/wp-json\/wp\/v2\/product_tag?post=27571"}],"curies":[{"name":"wp","href":"https:\/\/api.w.org\/{rel}","templated":true}]}}