{"id":27570,"date":"2025-11-24T16:30:52","date_gmt":"2025-11-24T15:30:52","guid":{"rendered":"https:\/\/stampcurio.com\/product\/1915-magyarorszag-mucna-rieka-p-u-kldv-palyaudvair-belyegzes-pu-200\/"},"modified":"2026-01-05T15:04:43","modified_gmt":"2026-01-05T14:04:43","slug":"1915-magyarorszag-mucna-rieka-p-u-kldv-ketnyelvu-magyar-horvat-palyaudvari-postaugynokseg-belyegzes-pu-200-pont","status":"publish","type":"product","link":"https:\/\/stampcurio.com\/hu\/termek\/1915-magyarorszag-mucna-rieka-p-u-kldv-ketnyelvu-magyar-horvat-palyaudvari-postaugynokseg-belyegzes-pu-200-pont\/","title":{"rendered":"1915 Magyarorsz\u00e1g &#8211; MU\u010cNA-RIEKA P.U.KLDV. k\u00e9tnyelv\u0171 magyar \u2013 horv\u00e1t p\u00e1lyaudvari posta\u00fcgyn\u00f6ks\u00e9g b\u00e9lyegz\u00e9s  | P\u00dc: 200 pont"},"content":{"rendered":"","protected":false},"excerpt":{"rendered":"","protected":false},"featured_media":33725,"template":"","meta":[],"product_brand":[],"product_cat":[1192,1172],"product_tag":[1669,1041,1269,1006],"class_list":{"0":"post-27570","1":"product","2":"type-product","3":"status-publish","4":"has-post-thumbnail","6":"product_cat-horvatorszag","7":"product_cat-magyarorszag","8":"product_tag-3rd-auction","9":"product_tag-marcophily-hu","10":"product_tag-postaugynokseg","11":"product_tag-unsold","13":"first","14":"instock","15":"sold-individually","16":"shipping-taxable","17":"purchasable","18":"product-type-simple"},"_links":{"self":[{"href":"https:\/\/stampcurio.com\/hu\/wp-json\/wp\/v2\/product\/27570","targetHints":{"allow":["GET"]}}],"collection":[{"href":"https:\/\/stampcurio.com\/hu\/wp-json\/wp\/v2\/product"}],"about":[{"href":"https:\/\/stampcurio.com\/hu\/wp-json\/wp\/v2\/types\/product"}],"wp:featuredmedia":[{"embeddable":true,"href":"https:\/\/stampcurio.com\/hu\/wp-json\/wp\/v2\/media\/33725"}],"wp:attachment":[{"href":"https:\/\/stampcurio.com\/hu\/wp-json\/wp\/v2\/media?parent=27570"}],"wp:term":[{"taxonomy":"product_brand","embeddable":true,"href":"https:\/\/stampcurio.com\/hu\/wp-json\/wp\/v2\/product_brand?post=27570"},{"taxonomy":"product_cat","embeddable":true,"href":"https:\/\/stampcurio.com\/hu\/wp-json\/wp\/v2\/product_cat?post=27570"},{"taxonomy":"product_tag","embeddable":true,"href":"https:\/\/stampcurio.com\/hu\/wp-json\/wp\/v2\/product_tag?post=27570"}],"curies":[{"name":"wp","href":"https:\/\/api.w.org\/{rel}","templated":true}]}}