{"id":27567,"date":"2025-11-24T16:30:51","date_gmt":"2025-11-24T15:30:51","guid":{"rendered":"https:\/\/stampcurio.com\/product\/1920-magyarorszag-sveta-nedjelja-pu-rrr\/"},"modified":"2025-12-05T04:01:46","modified_gmt":"2025-12-05T03:01:46","slug":"1920-jugoszlavia-sveta-nedjelja-tulelo-ketnyelvu-magyar-horvat-postaugynokseg-belyegzes-pu-rrr-nagyon-nagyon-ritka","status":"publish","type":"product","link":"https:\/\/stampcurio.com\/hu\/termek\/1920-jugoszlavia-sveta-nedjelja-tulelo-ketnyelvu-magyar-horvat-postaugynokseg-belyegzes-pu-rrr-nagyon-nagyon-ritka\/","title":{"rendered":"1920 Jugoszl\u00e1via &#8211; SVETA-NEDJELJA t\u00fal\u00e9l\u0151 k\u00e9tnyelv\u0171 magyar \u2013 horv\u00e1t posta\u00fcgyn\u00f6ks\u00e9g b\u00e9lyegz\u00e9s | P\u00dc: RRR (nagyon nagyon ritka)"},"content":{"rendered":"","protected":false},"excerpt":{"rendered":"","protected":false},"featured_media":34261,"template":"","meta":[],"product_brand":[],"product_cat":[1192,1694,1172],"product_tag":[1669,1041,1269],"class_list":{"0":"post-27567","1":"product","2":"type-product","3":"status-publish","4":"has-post-thumbnail","6":"product_cat-horvatorszag","7":"product_cat-jugoszlavia","8":"product_cat-magyarorszag","9":"product_tag-3rd-auction","10":"product_tag-marcophily-hu","11":"product_tag-postaugynokseg","13":"first","14":"outofstock","15":"sold-individually","16":"shipping-taxable","17":"purchasable","18":"product-type-simple"},"_links":{"self":[{"href":"https:\/\/stampcurio.com\/hu\/wp-json\/wp\/v2\/product\/27567","targetHints":{"allow":["GET"]}}],"collection":[{"href":"https:\/\/stampcurio.com\/hu\/wp-json\/wp\/v2\/product"}],"about":[{"href":"https:\/\/stampcurio.com\/hu\/wp-json\/wp\/v2\/types\/product"}],"wp:featuredmedia":[{"embeddable":true,"href":"https:\/\/stampcurio.com\/hu\/wp-json\/wp\/v2\/media\/34261"}],"wp:attachment":[{"href":"https:\/\/stampcurio.com\/hu\/wp-json\/wp\/v2\/media?parent=27567"}],"wp:term":[{"taxonomy":"product_brand","embeddable":true,"href":"https:\/\/stampcurio.com\/hu\/wp-json\/wp\/v2\/product_brand?post=27567"},{"taxonomy":"product_cat","embeddable":true,"href":"https:\/\/stampcurio.com\/hu\/wp-json\/wp\/v2\/product_cat?post=27567"},{"taxonomy":"product_tag","embeddable":true,"href":"https:\/\/stampcurio.com\/hu\/wp-json\/wp\/v2\/product_tag?post=27567"}],"curies":[{"name":"wp","href":"https:\/\/api.w.org\/{rel}","templated":true}]}}