{"id":27559,"date":"2025-11-24T16:30:48","date_gmt":"2025-11-24T15:30:48","guid":{"rendered":"https:\/\/stampcurio.com\/product\/1743-ausztria-teljes-level-komplett-viaszpecsettel-perneggrol-becsbe-kuldve\/"},"modified":"2025-12-05T04:01:48","modified_gmt":"2025-12-05T03:01:48","slug":"1743-ausztria-teljes-level-komplett-viaszpecsettel-perneggrol-also-ausztria-becsbe-kuldve","status":"publish","type":"product","link":"https:\/\/stampcurio.com\/hu\/termek\/1743-ausztria-teljes-level-komplett-viaszpecsettel-perneggrol-also-ausztria-becsbe-kuldve\/","title":{"rendered":"1743 Ausztria &#8211; Teljes lev\u00e9l, komplett viaszpecs\u00e9ttel Perneggr\u0151l (Als\u00f3-Ausztria) B\u00e9csbe k\u00fcldve"},"content":{"rendered":"","protected":false},"excerpt":{"rendered":"","protected":false},"featured_media":29363,"template":"","meta":[],"product_brand":[],"product_cat":[1178],"product_tag":[1669,89,1305],"class_list":{"0":"post-27559","1":"product","2":"type-product","3":"status-publish","4":"has-post-thumbnail","6":"product_cat-ausztria","7":"product_tag-3rd-auction","8":"product_tag-postatortenet","9":"product_tag-vorphila","11":"first","12":"outofstock","13":"sold-individually","14":"shipping-taxable","15":"purchasable","16":"product-type-simple"},"_links":{"self":[{"href":"https:\/\/stampcurio.com\/hu\/wp-json\/wp\/v2\/product\/27559","targetHints":{"allow":["GET"]}}],"collection":[{"href":"https:\/\/stampcurio.com\/hu\/wp-json\/wp\/v2\/product"}],"about":[{"href":"https:\/\/stampcurio.com\/hu\/wp-json\/wp\/v2\/types\/product"}],"wp:featuredmedia":[{"embeddable":true,"href":"https:\/\/stampcurio.com\/hu\/wp-json\/wp\/v2\/media\/29363"}],"wp:attachment":[{"href":"https:\/\/stampcurio.com\/hu\/wp-json\/wp\/v2\/media?parent=27559"}],"wp:term":[{"taxonomy":"product_brand","embeddable":true,"href":"https:\/\/stampcurio.com\/hu\/wp-json\/wp\/v2\/product_brand?post=27559"},{"taxonomy":"product_cat","embeddable":true,"href":"https:\/\/stampcurio.com\/hu\/wp-json\/wp\/v2\/product_cat?post=27559"},{"taxonomy":"product_tag","embeddable":true,"href":"https:\/\/stampcurio.com\/hu\/wp-json\/wp\/v2\/product_tag?post=27559"}],"curies":[{"name":"wp","href":"https:\/\/api.w.org\/{rel}","templated":true}]}}