{"id":27558,"date":"2025-11-24T16:30:48","date_gmt":"2025-11-24T15:30:48","guid":{"rendered":"https:\/\/stampcurio.com\/product\/1860-ausztria-iii-zonas-dijjegyes-boritek-pestrol-triesztbe-kuldve\/"},"modified":"2025-12-05T04:01:48","modified_gmt":"2025-12-05T03:01:48","slug":"1860-ausztria-magyarorszag-15-krajcaros-dijjegyes-boritek-iii-zonas-kuldemenykent-pestrol-triesztbe-kuldve","status":"publish","type":"product","link":"https:\/\/stampcurio.com\/hu\/termek\/1860-ausztria-magyarorszag-15-krajcaros-dijjegyes-boritek-iii-zonas-kuldemenykent-pestrol-triesztbe-kuldve\/","title":{"rendered":"1860 Ausztria &#8211; Magyarorsz\u00e1g &#8211; 15 krajc\u00e1ros d\u00edjjegyes bor\u00edt\u00e9k III. z\u00f3n\u00e1s k\u00fcldem\u00e9nyk\u00e9nt Pestr\u0151l Triesztbe k\u00fcldve"},"content":{"rendered":"","protected":false},"excerpt":{"rendered":"","protected":false},"featured_media":29230,"template":"","meta":[],"product_brand":[],"product_cat":[1178,1172,1183],"product_tag":[1669,74,89],"class_list":{"0":"post-27558","1":"product","2":"type-product","3":"status-publish","4":"has-post-thumbnail","6":"product_cat-ausztria","7":"product_cat-magyarorszag","8":"product_cat-olaszorszag","9":"product_tag-3rd-auction","10":"product_tag-dijjegyes","11":"product_tag-postatortenet","13":"first","14":"outofstock","15":"sold-individually","16":"shipping-taxable","17":"purchasable","18":"product-type-simple"},"_links":{"self":[{"href":"https:\/\/stampcurio.com\/hu\/wp-json\/wp\/v2\/product\/27558","targetHints":{"allow":["GET"]}}],"collection":[{"href":"https:\/\/stampcurio.com\/hu\/wp-json\/wp\/v2\/product"}],"about":[{"href":"https:\/\/stampcurio.com\/hu\/wp-json\/wp\/v2\/types\/product"}],"wp:featuredmedia":[{"embeddable":true,"href":"https:\/\/stampcurio.com\/hu\/wp-json\/wp\/v2\/media\/29230"}],"wp:attachment":[{"href":"https:\/\/stampcurio.com\/hu\/wp-json\/wp\/v2\/media?parent=27558"}],"wp:term":[{"taxonomy":"product_brand","embeddable":true,"href":"https:\/\/stampcurio.com\/hu\/wp-json\/wp\/v2\/product_brand?post=27558"},{"taxonomy":"product_cat","embeddable":true,"href":"https:\/\/stampcurio.com\/hu\/wp-json\/wp\/v2\/product_cat?post=27558"},{"taxonomy":"product_tag","embeddable":true,"href":"https:\/\/stampcurio.com\/hu\/wp-json\/wp\/v2\/product_tag?post=27558"}],"curies":[{"name":"wp","href":"https:\/\/api.w.org\/{rel}","templated":true}]}}