{"id":27555,"date":"2025-11-24T16:30:47","date_gmt":"2025-11-24T15:30:47","guid":{"rendered":"https:\/\/stampcurio.com\/product\/1861-magyarorszag-kis-meretu-boritek-pestrol-franciaorszagba-kuldve-dekorativ-darab\/"},"modified":"2025-12-05T04:01:49","modified_gmt":"2025-12-05T03:01:49","slug":"1861-austria-magyarorszag-kis-meretu-boritek-pestrol-franciaorszagba-kuldve-dekorativ-darab","status":"publish","type":"product","link":"https:\/\/stampcurio.com\/hu\/termek\/1861-austria-magyarorszag-kis-meretu-boritek-pestrol-franciaorszagba-kuldve-dekorativ-darab\/","title":{"rendered":"1861 Austria &#8211; Magyarorsz\u00e1g &#8211; kis m\u00e9ret\u0171 bor\u00edt\u00e9k Pestr\u0151l Franciaorsz\u00e1gba k\u00fcldve \u2013 dekorat\u00edv darab"},"content":{"rendered":"","protected":false},"excerpt":{"rendered":"","protected":false},"featured_media":29242,"template":"","meta":[],"product_brand":[],"product_cat":[1178,1181,1172],"product_tag":[1669,116,89],"class_list":{"0":"post-27555","1":"product","2":"type-product","3":"status-publish","4":"has-post-thumbnail","6":"product_cat-ausztria","7":"product_cat-franciaorszag","8":"product_cat-magyarorszag","9":"product_tag-3rd-auction","10":"product_tag-belyeg","11":"product_tag-postatortenet","13":"first","14":"outofstock","15":"sold-individually","16":"shipping-taxable","17":"purchasable","18":"product-type-simple"},"_links":{"self":[{"href":"https:\/\/stampcurio.com\/hu\/wp-json\/wp\/v2\/product\/27555","targetHints":{"allow":["GET"]}}],"collection":[{"href":"https:\/\/stampcurio.com\/hu\/wp-json\/wp\/v2\/product"}],"about":[{"href":"https:\/\/stampcurio.com\/hu\/wp-json\/wp\/v2\/types\/product"}],"wp:featuredmedia":[{"embeddable":true,"href":"https:\/\/stampcurio.com\/hu\/wp-json\/wp\/v2\/media\/29242"}],"wp:attachment":[{"href":"https:\/\/stampcurio.com\/hu\/wp-json\/wp\/v2\/media?parent=27555"}],"wp:term":[{"taxonomy":"product_brand","embeddable":true,"href":"https:\/\/stampcurio.com\/hu\/wp-json\/wp\/v2\/product_brand?post=27555"},{"taxonomy":"product_cat","embeddable":true,"href":"https:\/\/stampcurio.com\/hu\/wp-json\/wp\/v2\/product_cat?post=27555"},{"taxonomy":"product_tag","embeddable":true,"href":"https:\/\/stampcurio.com\/hu\/wp-json\/wp\/v2\/product_tag?post=27555"}],"curies":[{"name":"wp","href":"https:\/\/api.w.org\/{rel}","templated":true}]}}