{"id":27554,"date":"2025-11-24T16:30:46","date_gmt":"2025-11-24T15:30:46","guid":{"rendered":"https:\/\/stampcurio.com\/product\/1933-magyarorszag-ritka-koznapi-katapult-level-veszprembol-feladva\/"},"modified":"2026-01-05T15:04:45","modified_gmt":"2026-01-05T14:04:45","slug":"1933-magyarorszag-ritka-koznapi-katapult-level-veszprembol-feladva-az-europa-hajo-fedelzeti-katapult-belyegzojevel","status":"publish","type":"product","link":"https:\/\/stampcurio.com\/hu\/termek\/1933-magyarorszag-ritka-koznapi-katapult-level-veszprembol-feladva-az-europa-hajo-fedelzeti-katapult-belyegzojevel\/","title":{"rendered":"1933 Magyarorsz\u00e1g &#8211; Ritka, k\u00f6znapi katapult lev\u00e9l Veszpr\u00e9mb\u0151l feladva, az EUROPA haj\u00f3 fed\u00e9lzeti katapult b\u00e9lyegz\u0151j\u00e9vel"},"content":{"rendered":"","protected":false},"excerpt":{"rendered":"","protected":false},"featured_media":32766,"template":"","meta":[],"product_brand":[],"product_cat":[1172,1175],"product_tag":[1669,115,176,89,1006],"class_list":{"0":"post-27554","1":"product","2":"type-product","3":"status-publish","4":"has-post-thumbnail","6":"product_cat-magyarorszag","7":"product_cat-nemetorszag","8":"product_tag-3rd-auction","9":"product_tag-legiposta","10":"product_tag-philagem","11":"product_tag-postatortenet","12":"product_tag-unsold","14":"first","15":"instock","16":"sold-individually","17":"shipping-taxable","18":"purchasable","19":"product-type-simple"},"_links":{"self":[{"href":"https:\/\/stampcurio.com\/hu\/wp-json\/wp\/v2\/product\/27554","targetHints":{"allow":["GET"]}}],"collection":[{"href":"https:\/\/stampcurio.com\/hu\/wp-json\/wp\/v2\/product"}],"about":[{"href":"https:\/\/stampcurio.com\/hu\/wp-json\/wp\/v2\/types\/product"}],"wp:featuredmedia":[{"embeddable":true,"href":"https:\/\/stampcurio.com\/hu\/wp-json\/wp\/v2\/media\/32766"}],"wp:attachment":[{"href":"https:\/\/stampcurio.com\/hu\/wp-json\/wp\/v2\/media?parent=27554"}],"wp:term":[{"taxonomy":"product_brand","embeddable":true,"href":"https:\/\/stampcurio.com\/hu\/wp-json\/wp\/v2\/product_brand?post=27554"},{"taxonomy":"product_cat","embeddable":true,"href":"https:\/\/stampcurio.com\/hu\/wp-json\/wp\/v2\/product_cat?post=27554"},{"taxonomy":"product_tag","embeddable":true,"href":"https:\/\/stampcurio.com\/hu\/wp-json\/wp\/v2\/product_tag?post=27554"}],"curies":[{"name":"wp","href":"https:\/\/api.w.org\/{rel}","templated":true}]}}