{"id":27552,"date":"2025-11-24T16:30:45","date_gmt":"2025-11-24T15:30:45","guid":{"rendered":"https:\/\/stampcurio.com\/product\/1883-india-jammu-kashmir-2-anna-teljes-iv-sarga-papiron\/"},"modified":"2026-01-05T15:04:45","modified_gmt":"2026-01-05T14:04:45","slug":"1883-india-jammu-kashmir-2-anna-teljes-iv-sarga-papiron-sc-in-ka-117-mi-in-ka-85x","status":"publish","type":"product","link":"https:\/\/stampcurio.com\/hu\/termek\/1883-india-jammu-kashmir-2-anna-teljes-iv-sarga-papiron-sc-in-ka-117-mi-in-ka-85x\/","title":{"rendered":"1883 India &#8211; Jammu &#038; Kashmir \u2013 2 anna teljes \u00edv s\u00e1rga pap\u00edron | SC: IN-KA 117 | Mi: IN-KA 85x"},"content":{"rendered":"","protected":false},"excerpt":{"rendered":"","protected":false},"featured_media":29226,"template":"","meta":[],"product_brand":[],"product_cat":[1206],"product_tag":[1669,116,1006],"class_list":{"0":"post-27552","1":"product","2":"type-product","3":"status-publish","4":"has-post-thumbnail","6":"product_cat-india","7":"product_tag-3rd-auction","8":"product_tag-belyeg","9":"product_tag-unsold","11":"first","12":"instock","13":"sold-individually","14":"shipping-taxable","15":"purchasable","16":"product-type-simple"},"_links":{"self":[{"href":"https:\/\/stampcurio.com\/hu\/wp-json\/wp\/v2\/product\/27552","targetHints":{"allow":["GET"]}}],"collection":[{"href":"https:\/\/stampcurio.com\/hu\/wp-json\/wp\/v2\/product"}],"about":[{"href":"https:\/\/stampcurio.com\/hu\/wp-json\/wp\/v2\/types\/product"}],"wp:featuredmedia":[{"embeddable":true,"href":"https:\/\/stampcurio.com\/hu\/wp-json\/wp\/v2\/media\/29226"}],"wp:attachment":[{"href":"https:\/\/stampcurio.com\/hu\/wp-json\/wp\/v2\/media?parent=27552"}],"wp:term":[{"taxonomy":"product_brand","embeddable":true,"href":"https:\/\/stampcurio.com\/hu\/wp-json\/wp\/v2\/product_brand?post=27552"},{"taxonomy":"product_cat","embeddable":true,"href":"https:\/\/stampcurio.com\/hu\/wp-json\/wp\/v2\/product_cat?post=27552"},{"taxonomy":"product_tag","embeddable":true,"href":"https:\/\/stampcurio.com\/hu\/wp-json\/wp\/v2\/product_tag?post=27552"}],"curies":[{"name":"wp","href":"https:\/\/api.w.org\/{rel}","templated":true}]}}