{"id":27551,"date":"2025-11-24T16:30:45","date_gmt":"2025-11-24T15:30:45","guid":{"rendered":"https:\/\/stampcurio.com\/product\/1949-eszak-korea-diamond-mountain-teljes-iv-vizszintesen-vagott-fuggolegesen-perforalt-enyvezes-nelkul-a-kiadas-szerint-hatoldalan-reszleges-szinatnyomattal\/"},"modified":"2026-01-05T15:04:45","modified_gmt":"2026-01-05T14:04:45","slug":"1949-eszak-korea-diamond-mountain-teljes-iv-vizszintesen-fogazatlan-es-fuggolegesen-perforalt-a-hatoldalan-reszleges-szinatnyomattal","status":"publish","type":"product","link":"https:\/\/stampcurio.com\/hu\/termek\/1949-eszak-korea-diamond-mountain-teljes-iv-vizszintesen-fogazatlan-es-fuggolegesen-perforalt-a-hatoldalan-reszleges-szinatnyomattal\/","title":{"rendered":"1949 \u00c9szak-Korea &#8211; Diamond Mountain teljes \u00edv \u2013 v\u00edzszintesen fogazatlan \u00e9s f\u00fcgg\u0151legesen perfor\u00e1lt, a h\u00e1toldal\u00e1n r\u00e9szleges sz\u00edn\u00e1tnyomattal."},"content":{"rendered":"","protected":false},"excerpt":{"rendered":"<p>T\u00e9vnyomat: A f\u00fcgg\u0151leges fogazatban a harmadik b\u00e9lyegn\u00e9l kimaradt foglyuk.<\/p>\n<p>Nem \u00fajnyomat.<\/p>\n","protected":false},"featured_media":34629,"template":"","meta":[],"product_brand":[],"product_cat":[1225],"product_tag":[1669,116,217,1006],"class_list":{"0":"post-27551","1":"product","2":"type-product","3":"status-publish","4":"has-post-thumbnail","6":"product_cat-eszak-korea","7":"product_tag-3rd-auction","8":"product_tag-belyeg","9":"product_tag-tevnyomat","10":"product_tag-unsold","12":"first","13":"instock","14":"sold-individually","15":"shipping-taxable","16":"purchasable","17":"product-type-simple"},"_links":{"self":[{"href":"https:\/\/stampcurio.com\/hu\/wp-json\/wp\/v2\/product\/27551","targetHints":{"allow":["GET"]}}],"collection":[{"href":"https:\/\/stampcurio.com\/hu\/wp-json\/wp\/v2\/product"}],"about":[{"href":"https:\/\/stampcurio.com\/hu\/wp-json\/wp\/v2\/types\/product"}],"wp:featuredmedia":[{"embeddable":true,"href":"https:\/\/stampcurio.com\/hu\/wp-json\/wp\/v2\/media\/34629"}],"wp:attachment":[{"href":"https:\/\/stampcurio.com\/hu\/wp-json\/wp\/v2\/media?parent=27551"}],"wp:term":[{"taxonomy":"product_brand","embeddable":true,"href":"https:\/\/stampcurio.com\/hu\/wp-json\/wp\/v2\/product_brand?post=27551"},{"taxonomy":"product_cat","embeddable":true,"href":"https:\/\/stampcurio.com\/hu\/wp-json\/wp\/v2\/product_cat?post=27551"},{"taxonomy":"product_tag","embeddable":true,"href":"https:\/\/stampcurio.com\/hu\/wp-json\/wp\/v2\/product_tag?post=27551"}],"curies":[{"name":"wp","href":"https:\/\/api.w.org\/{rel}","templated":true}]}}