{"id":27550,"date":"2025-11-24T16:30:45","date_gmt":"2025-11-24T15:30:45","guid":{"rendered":"https:\/\/stampcurio.com\/product\/1941-magyarorszag-posta-es-taviro-tarifak-tablazatos-tajekoztatoka-az-1941-augusztus-15-en-eletbe-lepett-tarifakrol-valamint-plusz-mellekletkent-a-szeptember-15-en-beallt-dijvaltozasokrol\/"},"modified":"2025-12-05T04:01:50","modified_gmt":"2025-12-05T03:01:50","slug":"1941-magyarorszag-posta-es-taviro-tarifak-tablazatos-tajekoztatoja-az-1941-augusztus-15-en-eletbe-lepett-tarifakrol-valamint-a-szeptember-15-en-beallt-dijvaltozasokrol","status":"publish","type":"product","link":"https:\/\/stampcurio.com\/hu\/termek\/1941-magyarorszag-posta-es-taviro-tarifak-tablazatos-tajekoztatoja-az-1941-augusztus-15-en-eletbe-lepett-tarifakrol-valamint-a-szeptember-15-en-beallt-dijvaltozasokrol\/","title":{"rendered":"1941 Magyarorsz\u00e1g &#8211; Posta \u00e9s T\u00e1v\u00edr\u00f3 Tarif\u00e1k t\u00e1bl\u00e1zatos t\u00e1j\u00e9koztat\u00f3ja az 1941. augusztus 15-\u00e9n \u00e9letbe l\u00e9pett tarif\u00e1kr\u00f3l, valamint a szeptember 15-\u00e9n be\u00e1llt d\u00edjv\u00e1ltoz\u00e1sokr\u00f3l"},"content":{"rendered":"","protected":false},"excerpt":{"rendered":"","protected":false},"featured_media":31552,"template":"","meta":[],"product_brand":[],"product_cat":[1172],"product_tag":[1669,115,89,157],"class_list":{"0":"post-27550","1":"product","2":"type-product","3":"status-publish","4":"has-post-thumbnail","6":"product_cat-magyarorszag","7":"product_tag-3rd-auction","8":"product_tag-legiposta","9":"product_tag-postatortenet","10":"product_tag-szallitolevel","12":"first","13":"outofstock","14":"sold-individually","15":"shipping-taxable","16":"purchasable","17":"product-type-simple"},"_links":{"self":[{"href":"https:\/\/stampcurio.com\/hu\/wp-json\/wp\/v2\/product\/27550","targetHints":{"allow":["GET"]}}],"collection":[{"href":"https:\/\/stampcurio.com\/hu\/wp-json\/wp\/v2\/product"}],"about":[{"href":"https:\/\/stampcurio.com\/hu\/wp-json\/wp\/v2\/types\/product"}],"wp:featuredmedia":[{"embeddable":true,"href":"https:\/\/stampcurio.com\/hu\/wp-json\/wp\/v2\/media\/31552"}],"wp:attachment":[{"href":"https:\/\/stampcurio.com\/hu\/wp-json\/wp\/v2\/media?parent=27550"}],"wp:term":[{"taxonomy":"product_brand","embeddable":true,"href":"https:\/\/stampcurio.com\/hu\/wp-json\/wp\/v2\/product_brand?post=27550"},{"taxonomy":"product_cat","embeddable":true,"href":"https:\/\/stampcurio.com\/hu\/wp-json\/wp\/v2\/product_cat?post=27550"},{"taxonomy":"product_tag","embeddable":true,"href":"https:\/\/stampcurio.com\/hu\/wp-json\/wp\/v2\/product_tag?post=27550"}],"curies":[{"name":"wp","href":"https:\/\/api.w.org\/{rel}","templated":true}]}}