{"id":2755,"date":"2023-11-14T09:48:11","date_gmt":"2023-11-14T08:48:11","guid":{"rendered":"http:\/\/stampcurio.com\/?post_type=product&#038;p=2755"},"modified":"2025-12-05T04:13:27","modified_gmt":"2025-12-05T03:13:27","slug":"1925-sport-sor-djjegyes-boritekon-belga-magyar-merkozes-alkalmi-belyegzessel","status":"publish","type":"product","link":"https:\/\/stampcurio.com\/hu\/termek\/1925-sport-sor-djjegyes-boritekon-belga-magyar-merkozes-alkalmi-belyegzessel\/","title":{"rendered":"1925 SPORT sor djjegyes bor\u00edt\u00e9kon BELGA-MAGYAR M\u00c9RK\u0150Z\u00c9S alkalmi b\u00e9lyegz\u00e9ssel"},"content":{"rendered":"","protected":false},"excerpt":{"rendered":"","protected":false},"featured_media":11106,"template":"","meta":[],"product_brand":[],"product_cat":[263,73],"product_tag":[1044,74,1008,67,264],"class_list":{"0":"post-2755","1":"product","2":"type-product","3":"status-publish","4":"has-post-thumbnail","6":"product_cat-belgium-1st","7":"product_cat-magyarorszag-1st","8":"product_tag-1st-auction-hu","9":"product_tag-dijjegyes","10":"product_tag-ebay","11":"product_tag-marcofilatelia","12":"product_tag-sport","13":"pa_catalog_id-262","15":"first","16":"instock","17":"sold-individually","18":"shipping-taxable","19":"product-type-simple"},"_links":{"self":[{"href":"https:\/\/stampcurio.com\/hu\/wp-json\/wp\/v2\/product\/2755","targetHints":{"allow":["GET"]}}],"collection":[{"href":"https:\/\/stampcurio.com\/hu\/wp-json\/wp\/v2\/product"}],"about":[{"href":"https:\/\/stampcurio.com\/hu\/wp-json\/wp\/v2\/types\/product"}],"wp:featuredmedia":[{"embeddable":true,"href":"https:\/\/stampcurio.com\/hu\/wp-json\/wp\/v2\/media\/11106"}],"wp:attachment":[{"href":"https:\/\/stampcurio.com\/hu\/wp-json\/wp\/v2\/media?parent=2755"}],"wp:term":[{"taxonomy":"product_brand","embeddable":true,"href":"https:\/\/stampcurio.com\/hu\/wp-json\/wp\/v2\/product_brand?post=2755"},{"taxonomy":"product_cat","embeddable":true,"href":"https:\/\/stampcurio.com\/hu\/wp-json\/wp\/v2\/product_cat?post=2755"},{"taxonomy":"product_tag","embeddable":true,"href":"https:\/\/stampcurio.com\/hu\/wp-json\/wp\/v2\/product_tag?post=2755"}],"curies":[{"name":"wp","href":"https:\/\/api.w.org\/{rel}","templated":true}]}}