{"id":27548,"date":"2025-11-24T16:30:42","date_gmt":"2025-11-24T15:30:42","guid":{"rendered":"https:\/\/stampcurio.com\/product\/1934-magyarorszag-a-miskolci-dalaregylet-jubileumara-kiadott-levelzaro-5-db-kulonfele-postatiszta-belyeg\/"},"modified":"2026-01-07T12:53:03","modified_gmt":"2026-01-07T11:53:03","slug":"1934-magyarorszag-a-miskolci-dalaregylet-jubileumara-kiadott-levelzaro-5-db-kulonfele-postatiszta-belyeg","status":"publish","type":"product","link":"https:\/\/stampcurio.com\/hu\/termek\/1934-magyarorszag-a-miskolci-dalaregylet-jubileumara-kiadott-levelzaro-5-db-kulonfele-postatiszta-belyeg\/","title":{"rendered":"1934 Magyarorsz\u00e1g &#8211; A Miskolci Dal\u00e1regylet jubileum\u00e1ra kiadott lev\u00e9lz\u00e1r\u00f3 \u2013 5 db k\u00fcl\u00f6nf\u00e9le, postatiszta b\u00e9lyeg"},"content":{"rendered":"","protected":false},"excerpt":{"rendered":"<p>Egyik b\u00e9lyegen foghiba.<\/p>\n","protected":false},"featured_media":34181,"template":"","meta":[],"product_brand":[],"product_cat":[1172],"product_tag":[1669,194],"class_list":{"0":"post-27548","1":"product","2":"type-product","3":"status-publish","4":"has-post-thumbnail","6":"product_cat-magyarorszag","7":"product_tag-3rd-auction","8":"product_tag-levelzaro","10":"first","11":"outofstock","12":"sold-individually","13":"shipping-taxable","14":"purchasable","15":"product-type-simple"},"_links":{"self":[{"href":"https:\/\/stampcurio.com\/hu\/wp-json\/wp\/v2\/product\/27548","targetHints":{"allow":["GET"]}}],"collection":[{"href":"https:\/\/stampcurio.com\/hu\/wp-json\/wp\/v2\/product"}],"about":[{"href":"https:\/\/stampcurio.com\/hu\/wp-json\/wp\/v2\/types\/product"}],"wp:featuredmedia":[{"embeddable":true,"href":"https:\/\/stampcurio.com\/hu\/wp-json\/wp\/v2\/media\/34181"}],"wp:attachment":[{"href":"https:\/\/stampcurio.com\/hu\/wp-json\/wp\/v2\/media?parent=27548"}],"wp:term":[{"taxonomy":"product_brand","embeddable":true,"href":"https:\/\/stampcurio.com\/hu\/wp-json\/wp\/v2\/product_brand?post=27548"},{"taxonomy":"product_cat","embeddable":true,"href":"https:\/\/stampcurio.com\/hu\/wp-json\/wp\/v2\/product_cat?post=27548"},{"taxonomy":"product_tag","embeddable":true,"href":"https:\/\/stampcurio.com\/hu\/wp-json\/wp\/v2\/product_tag?post=27548"}],"curies":[{"name":"wp","href":"https:\/\/api.w.org\/{rel}","templated":true}]}}