{"id":27547,"date":"2025-11-24T16:30:41","date_gmt":"2025-11-24T15:30:41","guid":{"rendered":"https:\/\/stampcurio.com\/product\/1924-magyarorszag-arato-parlament-600-800-korona-tevnyomat-pecsetelt-harmascsik-nagyon-ritkan-lathato-attest-glatz\/"},"modified":"2026-01-05T15:04:46","modified_gmt":"2026-01-05T14:04:46","slug":"1924-magyarorszag-arato-parlament-600-800-korona-tevnyomat-pecsetelt-harmascsik-nagyon-ritkan-lathato-pecsetelt-osszefuggesben-attest-glatz-phu-426tny-375-eur","status":"publish","type":"product","link":"https:\/\/stampcurio.com\/hu\/termek\/1924-magyarorszag-arato-parlament-600-800-korona-tevnyomat-pecsetelt-harmascsik-nagyon-ritkan-lathato-pecsetelt-osszefuggesben-attest-glatz-phu-426tny-375-eur\/","title":{"rendered":"1924 Magyarorsz\u00e1g &#8211; Arat\u00f3 Parlament 600 \/ 800 korona t\u00e9vnyomat, pecs\u00e9telt h\u00e1rmascs\u00edk \u2013 nagyon ritk\u00e1n l\u00e1that\u00f3 pecs\u00e9telt \u00f6sszef\u00fcgg\u00e9sben | Attest: Glatz | Phu: 426Tny \/ 375 EUR"},"content":{"rendered":"","protected":false},"excerpt":{"rendered":"","protected":false},"featured_media":34043,"template":"","meta":[],"product_brand":[],"product_cat":[1172],"product_tag":[1669,116,217,1006],"class_list":{"0":"post-27547","1":"product","2":"type-product","3":"status-publish","4":"has-post-thumbnail","6":"product_cat-magyarorszag","7":"product_tag-3rd-auction","8":"product_tag-belyeg","9":"product_tag-tevnyomat","10":"product_tag-unsold","12":"first","13":"instock","14":"sold-individually","15":"shipping-taxable","16":"purchasable","17":"product-type-simple"},"_links":{"self":[{"href":"https:\/\/stampcurio.com\/hu\/wp-json\/wp\/v2\/product\/27547","targetHints":{"allow":["GET"]}}],"collection":[{"href":"https:\/\/stampcurio.com\/hu\/wp-json\/wp\/v2\/product"}],"about":[{"href":"https:\/\/stampcurio.com\/hu\/wp-json\/wp\/v2\/types\/product"}],"wp:featuredmedia":[{"embeddable":true,"href":"https:\/\/stampcurio.com\/hu\/wp-json\/wp\/v2\/media\/34043"}],"wp:attachment":[{"href":"https:\/\/stampcurio.com\/hu\/wp-json\/wp\/v2\/media?parent=27547"}],"wp:term":[{"taxonomy":"product_brand","embeddable":true,"href":"https:\/\/stampcurio.com\/hu\/wp-json\/wp\/v2\/product_brand?post=27547"},{"taxonomy":"product_cat","embeddable":true,"href":"https:\/\/stampcurio.com\/hu\/wp-json\/wp\/v2\/product_cat?post=27547"},{"taxonomy":"product_tag","embeddable":true,"href":"https:\/\/stampcurio.com\/hu\/wp-json\/wp\/v2\/product_tag?post=27547"}],"curies":[{"name":"wp","href":"https:\/\/api.w.org\/{rel}","templated":true}]}}