{"id":27546,"date":"2025-11-24T16:30:41","date_gmt":"2025-11-24T15:30:41","guid":{"rendered":"https:\/\/stampcurio.com\/product\/1894-magyarorszag-dijjegyes-levelezolap-guatemalaba-kuldve-3-kr-dijkiegeszitessel-ritka-destinacio\/"},"modified":"2026-01-05T15:04:46","modified_gmt":"2026-01-05T14:04:46","slug":"1894-magyarorszag-dijjegyes-levelezolap-guatemalaba-kuldve-3-kr-1881-dijkiegeszitessel-ritka-destinacio","status":"publish","type":"product","link":"https:\/\/stampcurio.com\/hu\/termek\/1894-magyarorszag-dijjegyes-levelezolap-guatemalaba-kuldve-3-kr-1881-dijkiegeszitessel-ritka-destinacio\/","title":{"rendered":"1894 Magyarorsz\u00e1g &#8211; D\u00edjjegyes levelez\u0151lap Guatemal\u00e1ba k\u00fcldve 3 kr (1881) d\u00edjkieg\u00e9sz\u00edt\u00e9ssel \u2013 ritka destin\u00e1ci\u00f3"},"content":{"rendered":"","protected":false},"excerpt":{"rendered":"<p>A. Weisz b\u00e9lyegkeresked\u0151 aut\u00f3gr\u00e1f soraival.<\/p>\n","protected":false},"featured_media":29289,"template":"","meta":[],"product_brand":[],"product_cat":[1716,1172],"product_tag":[1669,1340,1280,89,1006],"class_list":{"0":"post-27546","1":"product","2":"type-product","3":"status-publish","4":"has-post-thumbnail","6":"product_cat-guatemala","7":"product_cat-magyarorszag","8":"product_tag-3rd-auction","9":"product_tag-belyegkereskedo","10":"product_tag-judaica","11":"product_tag-postatortenet","12":"product_tag-unsold","14":"first","15":"instock","16":"sold-individually","17":"shipping-taxable","18":"purchasable","19":"product-type-simple"},"_links":{"self":[{"href":"https:\/\/stampcurio.com\/hu\/wp-json\/wp\/v2\/product\/27546","targetHints":{"allow":["GET"]}}],"collection":[{"href":"https:\/\/stampcurio.com\/hu\/wp-json\/wp\/v2\/product"}],"about":[{"href":"https:\/\/stampcurio.com\/hu\/wp-json\/wp\/v2\/types\/product"}],"wp:featuredmedia":[{"embeddable":true,"href":"https:\/\/stampcurio.com\/hu\/wp-json\/wp\/v2\/media\/29289"}],"wp:attachment":[{"href":"https:\/\/stampcurio.com\/hu\/wp-json\/wp\/v2\/media?parent=27546"}],"wp:term":[{"taxonomy":"product_brand","embeddable":true,"href":"https:\/\/stampcurio.com\/hu\/wp-json\/wp\/v2\/product_brand?post=27546"},{"taxonomy":"product_cat","embeddable":true,"href":"https:\/\/stampcurio.com\/hu\/wp-json\/wp\/v2\/product_cat?post=27546"},{"taxonomy":"product_tag","embeddable":true,"href":"https:\/\/stampcurio.com\/hu\/wp-json\/wp\/v2\/product_tag?post=27546"}],"curies":[{"name":"wp","href":"https:\/\/api.w.org\/{rel}","templated":true}]}}