{"id":27544,"date":"2025-11-24T16:30:40","date_gmt":"2025-11-24T15:30:40","guid":{"rendered":"https:\/\/stampcurio.com\/product\/1910-magyarorszag-tcv-kepeslap-algeriaba-kuldve\/"},"modified":"2026-01-05T15:04:47","modified_gmt":"2026-01-05T14:04:47","slug":"1910-magyarorszag-tcv-kepeslap-algeriaba-kuldve","status":"publish","type":"product","link":"https:\/\/stampcurio.com\/hu\/termek\/1910-magyarorszag-tcv-kepeslap-algeriaba-kuldve\/","title":{"rendered":"1910 Magyarorsz\u00e1g &#8211; TCV k\u00e9peslap Alg\u00e9ri\u00e1ba k\u00fcldve"},"content":{"rendered":"","protected":false},"excerpt":{"rendered":"","protected":false},"featured_media":29346,"template":"","meta":[],"product_brand":[],"product_cat":[1172],"product_tag":[1669,97,89,1299,1006],"class_list":{"0":"post-27544","1":"product","2":"type-product","3":"status-publish","4":"has-post-thumbnail","6":"product_cat-magyarorszag","7":"product_tag-3rd-auction","8":"product_tag-kepeslap","9":"product_tag-postatortenet","10":"product_tag-tcv","11":"product_tag-unsold","13":"first","14":"instock","15":"sold-individually","16":"shipping-taxable","17":"purchasable","18":"product-type-simple"},"_links":{"self":[{"href":"https:\/\/stampcurio.com\/hu\/wp-json\/wp\/v2\/product\/27544","targetHints":{"allow":["GET"]}}],"collection":[{"href":"https:\/\/stampcurio.com\/hu\/wp-json\/wp\/v2\/product"}],"about":[{"href":"https:\/\/stampcurio.com\/hu\/wp-json\/wp\/v2\/types\/product"}],"wp:featuredmedia":[{"embeddable":true,"href":"https:\/\/stampcurio.com\/hu\/wp-json\/wp\/v2\/media\/29346"}],"wp:attachment":[{"href":"https:\/\/stampcurio.com\/hu\/wp-json\/wp\/v2\/media?parent=27544"}],"wp:term":[{"taxonomy":"product_brand","embeddable":true,"href":"https:\/\/stampcurio.com\/hu\/wp-json\/wp\/v2\/product_brand?post=27544"},{"taxonomy":"product_cat","embeddable":true,"href":"https:\/\/stampcurio.com\/hu\/wp-json\/wp\/v2\/product_cat?post=27544"},{"taxonomy":"product_tag","embeddable":true,"href":"https:\/\/stampcurio.com\/hu\/wp-json\/wp\/v2\/product_tag?post=27544"}],"curies":[{"name":"wp","href":"https:\/\/api.w.org\/{rel}","templated":true}]}}